{"id":41903,"date":"2025-09-08T12:04:02","date_gmt":"2025-09-08T12:04:02","guid":{"rendered":"https:\/\/www.qatarpadelxperience.com\/index.php\/manguezais\/"},"modified":"2025-09-29T13:36:53","modified_gmt":"2025-09-29T13:36:53","slug":"manguezais","status":"publish","type":"page","link":"https:\/\/www.qatarpadelxperience.com\/pt-pt\/manguezais\/","title":{"rendered":"MANGUEZAIS"},"content":{"rendered":"\t\t<div data-elementor-type=\"wp-page\" data-elementor-id=\"41903\" class=\"elementor elementor-41903 elementor-40910\" data-elementor-post-type=\"page\">\n\t\t\t\t<div data-particle_enable=\"false\" data-particle-mobile-disabled=\"false\" class=\"elementor-element elementor-element-967140b e-con-full e-flex e-con e-parent\" data-id=\"967140b\" data-element_type=\"container\">\n\t\t\t\t<\/div>\n\t\t<div data-particle_enable=\"false\" data-particle-mobile-disabled=\"false\" class=\"elementor-element elementor-element-725fee4 e-con-full e-flex e-con e-parent\" data-id=\"725fee4\" data-element_type=\"container\">\n\t\t<div data-particle_enable=\"false\" data-particle-mobile-disabled=\"false\" class=\"elementor-element elementor-element-8fde761 e-flex e-con-boxed e-con e-child\" data-id=\"8fde761\" data-element_type=\"container\">\n\t\t\t\t\t<div class=\"e-con-inner\">\n\t\t<div data-particle_enable=\"false\" data-particle-mobile-disabled=\"false\" class=\"elementor-element elementor-element-cbd2488 e-con-full e-flex e-con e-child\" data-id=\"cbd2488\" data-element_type=\"container\" data-settings=\"{&quot;background_background&quot;:&quot;classic&quot;}\">\n\t\t\t\t<div class=\"elementor-element elementor-element-a534f58 elementor-widget-tablet__width-inherit elementor-widget elementor-widget-text-editor\" data-id=\"a534f58\" data-element_type=\"widget\" data-widget_type=\"text-editor.default\">\n\t\t\t\t\t\t\t\t\t<p>Descobre os Manguezais do Qatar \u2013 O\u00e1sis escondido da Natureza<\/p>\t\t\t\t\t\t\t\t<\/div>\n\t\t\t\t<div class=\"elementor-element elementor-element-7579c03 elementor-widget-tablet__width-inherit elementor-widget elementor-widget-text-editor\" data-id=\"7579c03\" data-element_type=\"widget\" data-widget_type=\"text-editor.default\">\n\t\t\t\t\t\t\t\t\t<p>Longe dos arranha-c\u00e9us da cidade e dos desertos dourados encontra-se um dos tesouros naturais mais surpreendentes do Qatar: os <strong data-start=\"340\" data-end=\"364\">manguezais de Al Thakira<\/strong>. Localizado perto da cidade costeira de <strong data-start=\"399\" data-end=\"410\">Al Khor<\/strong>, este ecossistema verdejante oferece um contraste impressionante com as paisagens \u00e1ridas circundantes, um mundo pac\u00edfico de \u00e1gua, vida selvagem e ra\u00edzes sinuosas. <\/p>\t\t\t\t\t\t\t\t<\/div>\n\t\t\t\t<div class=\"elementor-element elementor-element-bcdd22b content-align-left the7-hover-visibility-disabled transform-overlay-yes exceeding-frame-yes elementor-widget elementor-widget-the7-image-widget\" data-id=\"bcdd22b\" data-element_type=\"widget\" data-settings=\"{&quot;hover_visibility&quot;:&quot;disabled&quot;}\" data-widget_type=\"the7-image-widget.default\">\n\t\t\t\t<div class=\"elementor-widget-container\">\n\t\t\t\t\t<div class=\"the7-image-container\"><div class=\"the7-image-wrapper the7-elementor-widget the7-transform-container\"><div class=\"post-thumbnail-rollover layzr-bg img-css-resize-wrapper\"><img fetchpriority=\"high\" decoding=\"async\" width=\"1280\" height=\"853\" src=\"data:image\/svg+xml,%3Csvg%20xmlns%3D&#039;http%3A%2F%2Fwww.w3.org%2F2000%2Fsvg&#039;%20viewBox%3D&#039;0%200%201280%20853&#039;%2F%3E\" class=\"attachment-full size-full preload-me aspect lazy lazy-load\" alt=\"\" sizes=\"(max-width: 1280px) 100vw, 1280px\" style=\"--ratio: 1280 \/ 853;\" data-src=\"https:\/\/www.qatarpadelxperience.com\/wp-content\/uploads\/2025\/09\/cq5dam.web_.1280.1280-8.jpeg\" loading=\"eager\" data-srcset=\"https:\/\/www.qatarpadelxperience.com\/wp-content\/uploads\/2025\/09\/cq5dam.web_.1280.1280-8.jpeg 1280w, https:\/\/www.qatarpadelxperience.com\/wp-content\/uploads\/2025\/09\/cq5dam.web_.1280.1280-8-300x200.jpeg 300w, https:\/\/www.qatarpadelxperience.com\/wp-content\/uploads\/2025\/09\/cq5dam.web_.1280.1280-8-1024x682.jpeg 1024w, https:\/\/www.qatarpadelxperience.com\/wp-content\/uploads\/2025\/09\/cq5dam.web_.1280.1280-8-768x512.jpeg 768w, https:\/\/www.qatarpadelxperience.com\/wp-content\/uploads\/2025\/09\/cq5dam.web_.1280.1280-8-1000x666.jpeg 1000w\" \/><\/div><\/div><\/div>\t\t\t\t<\/div>\n\t\t\t\t<\/div>\n\t\t\t\t<\/div>\n\t\t\t\t\t<\/div>\n\t\t\t\t<\/div>\n\t\t\t\t<\/div>\n\t\t<div data-particle_enable=\"false\" data-particle-mobile-disabled=\"false\" class=\"elementor-element elementor-element-6fe9a83 e-con-full e-flex e-con e-parent\" data-id=\"6fe9a83\" data-element_type=\"container\">\n\t\t<div data-particle_enable=\"false\" data-particle-mobile-disabled=\"false\" class=\"elementor-element elementor-element-bdaa7ba e-flex e-con-boxed e-con e-child\" data-id=\"bdaa7ba\" data-element_type=\"container\">\n\t\t\t\t\t<div class=\"e-con-inner\">\n\t\t<div data-particle_enable=\"false\" data-particle-mobile-disabled=\"false\" class=\"elementor-element elementor-element-5cd6e51 e-con-full e-flex e-con e-child\" data-id=\"5cd6e51\" data-element_type=\"container\" data-settings=\"{&quot;background_background&quot;:&quot;classic&quot;}\">\n\t\t\t\t<div class=\"elementor-element elementor-element-3893e27 elementor-widget-tablet__width-inherit elementor-widget elementor-widget-text-editor\" data-id=\"3893e27\" data-element_type=\"widget\" data-widget_type=\"text-editor.default\">\n\t\t\t\t\t\t\t\t\t<p>Explora os manguezais de <strong data-start=\"584\" data-end=\"593\">caiaque<\/strong>, remando por canais de mar\u00e9 calmos rodeados por vegeta\u00e7\u00e3o vibrante. Este ambiente \u00fanico \u00e9 o lar de uma variedade de esp\u00e9cies de aves, incluindo <strong data-start=\"736\" data-end=\"773\">gar\u00e7as, flamingos e corvos-marinhos<\/strong>, tornando-o um para\u00edso para observadores de aves e amantes da natureza. <\/p>\t\t\t\t\t\t\t\t<\/div>\n\t\t\t\t<div class=\"elementor-element elementor-element-530e84b content-align-left the7-hover-visibility-disabled transform-overlay-yes exceeding-frame-yes elementor-widget elementor-widget-the7-image-widget\" data-id=\"530e84b\" data-element_type=\"widget\" data-settings=\"{&quot;hover_visibility&quot;:&quot;disabled&quot;}\" data-widget_type=\"the7-image-widget.default\">\n\t\t\t\t<div class=\"elementor-widget-container\">\n\t\t\t\t\t<div class=\"the7-image-container\"><div class=\"the7-image-wrapper the7-elementor-widget the7-transform-container\"><div class=\"post-thumbnail-rollover layzr-bg img-css-resize-wrapper\"><img decoding=\"async\" width=\"1280\" height=\"853\" src=\"data:image\/svg+xml,%3Csvg%20xmlns%3D&#039;http%3A%2F%2Fwww.w3.org%2F2000%2Fsvg&#039;%20viewBox%3D&#039;0%200%201280%20853&#039;%2F%3E\" class=\"attachment-full size-full preload-me aspect lazy lazy-load\" alt=\"\" sizes=\"(max-width: 1280px) 100vw, 1280px\" style=\"--ratio: 1280 \/ 853;\" data-src=\"https:\/\/www.qatarpadelxperience.com\/wp-content\/uploads\/2025\/09\/cq5dam.web_.1280.1280-9.jpeg\" loading=\"eager\" data-srcset=\"https:\/\/www.qatarpadelxperience.com\/wp-content\/uploads\/2025\/09\/cq5dam.web_.1280.1280-9.jpeg 1280w, https:\/\/www.qatarpadelxperience.com\/wp-content\/uploads\/2025\/09\/cq5dam.web_.1280.1280-9-300x200.jpeg 300w, https:\/\/www.qatarpadelxperience.com\/wp-content\/uploads\/2025\/09\/cq5dam.web_.1280.1280-9-1024x682.jpeg 1024w, https:\/\/www.qatarpadelxperience.com\/wp-content\/uploads\/2025\/09\/cq5dam.web_.1280.1280-9-768x512.jpeg 768w, https:\/\/www.qatarpadelxperience.com\/wp-content\/uploads\/2025\/09\/cq5dam.web_.1280.1280-9-1000x666.jpeg 1000w\" \/><\/div><\/div><\/div>\t\t\t\t<\/div>\n\t\t\t\t<\/div>\n\t\t\t\t<\/div>\n\t\t\t\t\t<\/div>\n\t\t\t\t<\/div>\n\t\t<div data-particle_enable=\"false\" data-particle-mobile-disabled=\"false\" class=\"elementor-element elementor-element-55403dc e-flex e-con-boxed e-con e-child\" data-id=\"55403dc\" data-element_type=\"container\">\n\t\t\t\t\t<div class=\"e-con-inner\">\n\t\t<div data-particle_enable=\"false\" data-particle-mobile-disabled=\"false\" class=\"elementor-element elementor-element-8be469f e-con-full e-flex e-con e-child\" data-id=\"8be469f\" data-element_type=\"container\" data-settings=\"{&quot;background_background&quot;:&quot;classic&quot;}\">\n\t\t\t\t<div class=\"elementor-element elementor-element-0cf321d elementor-widget-tablet__width-inherit elementor-widget elementor-widget-text-editor\" data-id=\"0cf321d\" data-element_type=\"widget\" data-widget_type=\"text-editor.default\">\n\t\t\t\t\t\t\t\t\t<p data-start=\"833\" data-end=\"1129\">Quer estejas a deslizar silenciosamente pela \u00e1gua ao nascer do sol ou a desfrutar de uma visita guiada ecol\u00f3gica ao p\u00f4r do sol, os manguezais oferecem uma rara oportunidade de <strong data-start=\"972\" data-end=\"1014\">conectar com a natureza na sua forma mais pura<\/strong>. \u00c9 tamb\u00e9m um ecossistema importante, desempenhando um papel crucial na prote\u00e7\u00e3o da costa do Qatar e no apoio \u00e0 biodiversidade. <\/p><p data-start=\"1131\" data-end=\"1280\">Para aqueles que procuram escapar ao agito urbano e mergulhar num lado mais calmo e sereno do Qatar, os manguezais de Al Thakira s\u00e3o uma visita obrigat\u00f3ria.<\/p>\t\t\t\t\t\t\t\t<\/div>\n\t\t\t\t<div class=\"elementor-element elementor-element-2999eec content-align-left the7-hover-visibility-disabled transform-overlay-yes exceeding-frame-yes elementor-widget elementor-widget-the7-image-widget\" data-id=\"2999eec\" data-element_type=\"widget\" data-settings=\"{&quot;hover_visibility&quot;:&quot;disabled&quot;}\" data-widget_type=\"the7-image-widget.default\">\n\t\t\t\t<div class=\"elementor-widget-container\">\n\t\t\t\t\t<div class=\"the7-image-container\"><div class=\"the7-image-wrapper the7-elementor-widget the7-transform-container\"><div class=\"post-thumbnail-rollover layzr-bg img-css-resize-wrapper\"><img decoding=\"async\" width=\"1280\" height=\"854\" src=\"data:image\/svg+xml,%3Csvg%20xmlns%3D&#039;http%3A%2F%2Fwww.w3.org%2F2000%2Fsvg&#039;%20viewBox%3D&#039;0%200%201280%20854&#039;%2F%3E\" class=\"attachment-full size-full preload-me aspect lazy lazy-load\" alt=\"\" sizes=\"(max-width: 1280px) 100vw, 1280px\" style=\"--ratio: 1280 \/ 854;\" data-src=\"https:\/\/www.qatarpadelxperience.com\/wp-content\/uploads\/2025\/09\/cq5dam.web_.1280.1280-10.jpeg\" loading=\"eager\" data-srcset=\"https:\/\/www.qatarpadelxperience.com\/wp-content\/uploads\/2025\/09\/cq5dam.web_.1280.1280-10.jpeg 1280w, https:\/\/www.qatarpadelxperience.com\/wp-content\/uploads\/2025\/09\/cq5dam.web_.1280.1280-10-300x200.jpeg 300w, https:\/\/www.qatarpadelxperience.com\/wp-content\/uploads\/2025\/09\/cq5dam.web_.1280.1280-10-1024x683.jpeg 1024w, https:\/\/www.qatarpadelxperience.com\/wp-content\/uploads\/2025\/09\/cq5dam.web_.1280.1280-10-768x512.jpeg 768w, https:\/\/www.qatarpadelxperience.com\/wp-content\/uploads\/2025\/09\/cq5dam.web_.1280.1280-10-1000x667.jpeg 1000w\" \/><\/div><\/div><\/div>\t\t\t\t<\/div>\n\t\t\t\t<\/div>\n\t\t\t\t<\/div>\n\t\t\t\t\t<\/div>\n\t\t\t\t<\/div>\n\t\t<div data-particle_enable=\"false\" data-particle-mobile-disabled=\"false\" class=\"elementor-element elementor-element-ce625bd e-flex e-con-boxed e-con e-child\" data-id=\"ce625bd\" data-element_type=\"container\">\n\t\t\t\t\t<div class=\"e-con-inner\">\n\t\t<div data-particle_enable=\"false\" data-particle-mobile-disabled=\"false\" class=\"elementor-element elementor-element-f20113c e-con-full e-flex e-con e-child\" data-id=\"f20113c\" data-element_type=\"container\" data-settings=\"{&quot;background_background&quot;:&quot;classic&quot;}\">\n\t\t\t\t<\/div>\n\t\t\t\t\t<\/div>\n\t\t\t\t<\/div>\n\t\t<div data-particle_enable=\"false\" data-particle-mobile-disabled=\"false\" class=\"elementor-element elementor-element-6c35796 e-flex e-con-boxed e-con e-child\" data-id=\"6c35796\" data-element_type=\"container\">\n\t\t\t\t\t<div class=\"e-con-inner\">\n\t\t<div data-particle_enable=\"false\" data-particle-mobile-disabled=\"false\" class=\"elementor-element elementor-element-a144843 e-con-full e-flex e-con e-child\" data-id=\"a144843\" data-element_type=\"container\" data-settings=\"{&quot;background_background&quot;:&quot;classic&quot;}\">\n\t\t\t\t<\/div>\n\t\t\t\t\t<\/div>\n\t\t\t\t<\/div>\n\t\t\t\t<\/div>\n\t\t\t\t<\/div>\n\t\t","protected":false},"excerpt":{"rendered":"<p>Descobre os Manguezais do Qatar \u2013 O\u00e1sis escondido da Natureza Longe dos arranha-c\u00e9us da cidade e dos desertos dourados encontra-se um dos tesouros naturais mais surpreendentes do Qatar: os manguezais de Al Thakira. Localizado perto da cidade costeira de Al Khor, este ecossistema verdejante oferece um contraste impressionante com as paisagens \u00e1ridas circundantes, um mundo&hellip;<\/p>\n","protected":false},"author":1,"featured_media":0,"parent":0,"menu_order":10,"comment_status":"closed","ping_status":"closed","template":"","meta":{"footnotes":""},"class_list":["post-41903","page","type-page","status-publish","hentry"],"_links":{"self":[{"href":"https:\/\/www.qatarpadelxperience.com\/pt-pt\/wp-json\/wp\/v2\/pages\/41903","targetHints":{"allow":["GET"]}}],"collection":[{"href":"https:\/\/www.qatarpadelxperience.com\/pt-pt\/wp-json\/wp\/v2\/pages"}],"about":[{"href":"https:\/\/www.qatarpadelxperience.com\/pt-pt\/wp-json\/wp\/v2\/types\/page"}],"author":[{"embeddable":true,"href":"https:\/\/www.qatarpadelxperience.com\/pt-pt\/wp-json\/wp\/v2\/users\/1"}],"replies":[{"embeddable":true,"href":"https:\/\/www.qatarpadelxperience.com\/pt-pt\/wp-json\/wp\/v2\/comments?post=41903"}],"version-history":[{"count":1,"href":"https:\/\/www.qatarpadelxperience.com\/pt-pt\/wp-json\/wp\/v2\/pages\/41903\/revisions"}],"predecessor-version":[{"id":41907,"href":"https:\/\/www.qatarpadelxperience.com\/pt-pt\/wp-json\/wp\/v2\/pages\/41903\/revisions\/41907"}],"wp:attachment":[{"href":"https:\/\/www.qatarpadelxperience.com\/pt-pt\/wp-json\/wp\/v2\/media?parent=41903"}],"curies":[{"name":"wp","href":"https:\/\/api.w.org\/{rel}","templated":true}]}}