{"id":41845,"date":"2025-09-08T12:43:21","date_gmt":"2025-09-08T12:43:21","guid":{"rendered":"https:\/\/www.qatarpadelxperience.com\/index.php\/spa-bem-estar\/"},"modified":"2025-09-29T13:35:51","modified_gmt":"2025-09-29T13:35:51","slug":"spa-bem-estar","status":"publish","type":"page","link":"https:\/\/www.qatarpadelxperience.com\/pt-pt\/spa-bem-estar\/","title":{"rendered":"SPA &amp; BEM-ESTAR"},"content":{"rendered":"\t\t<div data-elementor-type=\"wp-page\" data-elementor-id=\"41845\" class=\"elementor elementor-41845 elementor-40914\" data-elementor-post-type=\"page\">\n\t\t\t\t<div data-particle_enable=\"false\" data-particle-mobile-disabled=\"false\" class=\"elementor-element elementor-element-967140b e-con-full e-flex e-con e-parent\" data-id=\"967140b\" data-element_type=\"container\">\n\t\t\t\t<\/div>\n\t\t<div data-particle_enable=\"false\" data-particle-mobile-disabled=\"false\" class=\"elementor-element elementor-element-725fee4 e-con-full e-flex e-con e-parent\" data-id=\"725fee4\" data-element_type=\"container\">\n\t\t<div data-particle_enable=\"false\" data-particle-mobile-disabled=\"false\" class=\"elementor-element elementor-element-8fde761 e-flex e-con-boxed e-con e-child\" data-id=\"8fde761\" data-element_type=\"container\">\n\t\t\t\t\t<div class=\"e-con-inner\">\n\t\t<div data-particle_enable=\"false\" data-particle-mobile-disabled=\"false\" class=\"elementor-element elementor-element-cbd2488 e-con-full e-flex e-con e-child\" data-id=\"cbd2488\" data-element_type=\"container\" data-settings=\"{&quot;background_background&quot;:&quot;classic&quot;}\">\n\t\t\t\t<div class=\"elementor-element elementor-element-a534f58 elementor-widget-tablet__width-inherit elementor-widget elementor-widget-text-editor\" data-id=\"a534f58\" data-element_type=\"widget\" data-widget_type=\"text-editor.default\">\n\t\t\t\t\t\t\t\t\t<p><strong>Spa &amp; bem\u2011estar no Qatar \u2013 Relaxa. Recarrega. Reconecta.  <\/strong><\/p>\t\t\t\t\t\t\t\t<\/div>\n\t\t\t\t<div class=\"elementor-element elementor-element-7579c03 elementor-widget-tablet__width-inherit elementor-widget elementor-widget-text-editor\" data-id=\"7579c03\" data-element_type=\"widget\" data-widget_type=\"text-editor.default\">\n\t\t\t\t\t\t\t\t\t<p>No cora\u00e7\u00e3o do Golfo, <strong data-start=\"320\" data-end=\"409\">o Qatar \u00e9 mais do que luxo e aventura; \u00e9 tamb\u00e9m um destino de descanso e renova\u00e7\u00e3o<\/strong>. Quer procures um relaxamento profundo depois de um dia no deserto ou um retiro completo de bem\u2011estar, o Qatar oferece experi\u00eancias de classe mundial que combinam <strong data-start=\"552\" data-end=\"578\">inova\u00e7\u00f5es modernas de spa<\/strong> com <strong data-start=\"584\" data-end=\"612\">tradi\u00e7\u00f5es centen\u00e1rias<\/strong>. <\/p>\t\t\t\t\t\t\t\t<\/div>\n\t\t\t\t<div class=\"elementor-element elementor-element-bcdd22b content-align-left the7-hover-visibility-disabled transform-overlay-yes exceeding-frame-yes elementor-widget elementor-widget-the7-image-widget\" data-id=\"bcdd22b\" data-element_type=\"widget\" data-settings=\"{&quot;hover_visibility&quot;:&quot;disabled&quot;}\" data-widget_type=\"the7-image-widget.default\">\n\t\t\t\t<div class=\"elementor-widget-container\">\n\t\t\t\t\t<div class=\"the7-image-container\"><div class=\"the7-image-wrapper the7-elementor-widget the7-transform-container\"><div class=\"post-thumbnail-rollover layzr-bg img-css-resize-wrapper\"><img fetchpriority=\"high\" decoding=\"async\" width=\"1280\" height=\"853\" src=\"data:image\/svg+xml,%3Csvg%20xmlns%3D&#039;http%3A%2F%2Fwww.w3.org%2F2000%2Fsvg&#039;%20viewBox%3D&#039;0%200%201280%20853&#039;%2F%3E\" class=\"attachment-full size-full preload-me aspect lazy lazy-load\" alt=\"\" sizes=\"(max-width: 1280px) 100vw, 1280px\" style=\"--ratio: 1280 \/ 853;\" data-src=\"https:\/\/www.qatarpadelxperience.com\/wp-content\/uploads\/2025\/09\/cq5dam.web_.1280.1280-17.jpeg\" loading=\"eager\" data-srcset=\"https:\/\/www.qatarpadelxperience.com\/wp-content\/uploads\/2025\/09\/cq5dam.web_.1280.1280-17.jpeg 1280w, https:\/\/www.qatarpadelxperience.com\/wp-content\/uploads\/2025\/09\/cq5dam.web_.1280.1280-17-300x200.jpeg 300w, https:\/\/www.qatarpadelxperience.com\/wp-content\/uploads\/2025\/09\/cq5dam.web_.1280.1280-17-1024x682.jpeg 1024w, https:\/\/www.qatarpadelxperience.com\/wp-content\/uploads\/2025\/09\/cq5dam.web_.1280.1280-17-768x512.jpeg 768w, https:\/\/www.qatarpadelxperience.com\/wp-content\/uploads\/2025\/09\/cq5dam.web_.1280.1280-17-1000x666.jpeg 1000w\" \/><\/div><\/div><\/div>\t\t\t\t<\/div>\n\t\t\t\t<\/div>\n\t\t\t\t<\/div>\n\t\t\t\t\t<\/div>\n\t\t\t\t<\/div>\n\t\t\t\t<\/div>\n\t\t<div data-particle_enable=\"false\" data-particle-mobile-disabled=\"false\" class=\"elementor-element elementor-element-6fe9a83 e-con-full e-flex e-con e-parent\" data-id=\"6fe9a83\" data-element_type=\"container\">\n\t\t<div data-particle_enable=\"false\" data-particle-mobile-disabled=\"false\" class=\"elementor-element elementor-element-bdaa7ba e-flex e-con-boxed e-con e-child\" data-id=\"bdaa7ba\" data-element_type=\"container\">\n\t\t\t\t\t<div class=\"e-con-inner\">\n\t\t<div data-particle_enable=\"false\" data-particle-mobile-disabled=\"false\" class=\"elementor-element elementor-element-5cd6e51 e-con-full e-flex e-con e-child\" data-id=\"5cd6e51\" data-element_type=\"container\" data-settings=\"{&quot;background_background&quot;:&quot;classic&quot;}\">\n\t\t\t\t<div class=\"elementor-element elementor-element-530e84b content-align-left the7-hover-visibility-disabled transform-overlay-yes exceeding-frame-yes elementor-widget elementor-widget-the7-image-widget\" data-id=\"530e84b\" data-element_type=\"widget\" data-settings=\"{&quot;hover_visibility&quot;:&quot;disabled&quot;}\" data-widget_type=\"the7-image-widget.default\">\n\t\t\t\t<div class=\"elementor-widget-container\">\n\t\t\t\t\t<div class=\"the7-image-container\"><div class=\"the7-image-wrapper the7-elementor-widget the7-transform-container\"><div class=\"post-thumbnail-rollover layzr-bg img-css-resize-wrapper\"><img decoding=\"async\" width=\"1280\" height=\"854\" src=\"data:image\/svg+xml,%3Csvg%20xmlns%3D&#039;http%3A%2F%2Fwww.w3.org%2F2000%2Fsvg&#039;%20viewBox%3D&#039;0%200%201280%20854&#039;%2F%3E\" class=\"attachment-full size-full preload-me aspect lazy lazy-load\" alt=\"\" sizes=\"(max-width: 1280px) 100vw, 1280px\" style=\"--ratio: 1280 \/ 854;\" data-src=\"https:\/\/www.qatarpadelxperience.com\/wp-content\/uploads\/2025\/09\/cq5dam.web_.1280.1280-18.jpeg\" loading=\"eager\" data-srcset=\"https:\/\/www.qatarpadelxperience.com\/wp-content\/uploads\/2025\/09\/cq5dam.web_.1280.1280-18.jpeg 1280w, https:\/\/www.qatarpadelxperience.com\/wp-content\/uploads\/2025\/09\/cq5dam.web_.1280.1280-18-300x200.jpeg 300w, https:\/\/www.qatarpadelxperience.com\/wp-content\/uploads\/2025\/09\/cq5dam.web_.1280.1280-18-1024x683.jpeg 1024w, https:\/\/www.qatarpadelxperience.com\/wp-content\/uploads\/2025\/09\/cq5dam.web_.1280.1280-18-768x512.jpeg 768w, https:\/\/www.qatarpadelxperience.com\/wp-content\/uploads\/2025\/09\/cq5dam.web_.1280.1280-18-1000x667.jpeg 1000w\" \/><\/div><\/div><\/div>\t\t\t\t<\/div>\n\t\t\t\t<\/div>\n\t\t\t\t<\/div>\n\t\t\t\t\t<\/div>\n\t\t\t\t<\/div>\n\t\t<div data-particle_enable=\"false\" data-particle-mobile-disabled=\"false\" class=\"elementor-element elementor-element-55403dc e-flex e-con-boxed e-con e-child\" data-id=\"55403dc\" data-element_type=\"container\">\n\t\t\t\t\t<div class=\"e-con-inner\">\n\t\t<div data-particle_enable=\"false\" data-particle-mobile-disabled=\"false\" class=\"elementor-element elementor-element-8be469f e-con-full e-flex e-con e-child\" data-id=\"8be469f\" data-element_type=\"container\" data-settings=\"{&quot;background_background&quot;:&quot;classic&quot;}\">\n\t\t\t\t<div class=\"elementor-element elementor-element-6ce5696 elementor-widget-tablet__width-inherit elementor-widget elementor-widget-text-editor\" data-id=\"6ce5696\" data-element_type=\"widget\" data-widget_type=\"text-editor.default\">\n\t\t\t\t\t\t\t\t\t<p><strong>Hammams tradicionais &amp; rituais \u00e1rabes<\/strong><\/p>\t\t\t\t\t\t\t\t<\/div>\n\t\t\t\t<div class=\"elementor-element elementor-element-0cf321d elementor-widget-tablet__width-inherit elementor-widget elementor-widget-text-editor\" data-id=\"0cf321d\" data-element_type=\"widget\" data-widget_type=\"text-editor.default\">\n\t\t\t\t\t\t\t\t\t<p data-start=\"1350\" data-end=\"1644\">Mergulha em <strong data-start=\"1384\" data-end=\"1419\">rituais de bem\u2011estar do M\u00e9dio Oriente<\/strong> com s\u00e9culos de hist\u00f3ria, visitando um <strong data-start=\"1450\" data-end=\"1460\">hammam<\/strong> tradicional. Vapor, esfolia\u00e7\u00e3o e imers\u00e3o para sentires a limpeza profunda e os efeitos revigorantes desta pr\u00e1tica ancestral, muitas vezes seguida de uma massagem relaxante com <strong data-start=\"1616\" data-end=\"1641\">\u00f3leo de oud ou \u00e1gua de rosas<\/strong>. <\/p><p data-start=\"1646\" data-end=\"1773\">Estes rituais n\u00e3o s\u00e3o apenas tratamentos, s\u00e3o <strong data-start=\"1695\" data-end=\"1719\">experi\u00eancias culturais<\/strong>, enraizadas na hospitalidade, purifica\u00e7\u00e3o e bem\u2011estar.<\/p>\t\t\t\t\t\t\t\t<\/div>\n\t\t\t\t<div class=\"elementor-element elementor-element-2999eec content-align-left the7-hover-visibility-disabled transform-overlay-yes exceeding-frame-yes elementor-widget elementor-widget-the7-image-widget\" data-id=\"2999eec\" data-element_type=\"widget\" data-settings=\"{&quot;hover_visibility&quot;:&quot;disabled&quot;}\" data-widget_type=\"the7-image-widget.default\">\n\t\t\t\t<div class=\"elementor-widget-container\">\n\t\t\t\t\t<div class=\"the7-image-container\"><div class=\"the7-image-wrapper the7-elementor-widget the7-transform-container\"><div class=\"post-thumbnail-rollover layzr-bg img-css-resize-wrapper\"><img decoding=\"async\" width=\"1920\" height=\"1080\" src=\"data:image\/svg+xml,%3Csvg%20xmlns%3D&#039;http%3A%2F%2Fwww.w3.org%2F2000%2Fsvg&#039;%20viewBox%3D&#039;0%200%201920%201080&#039;%2F%3E\" class=\"attachment-full size-full preload-me aspect lazy lazy-load\" alt=\"\" sizes=\"(max-width: 1920px) 100vw, 1920px\" style=\"--ratio: 1920 \/ 1080;\" data-src=\"https:\/\/www.qatarpadelxperience.com\/wp-content\/uploads\/2025\/09\/Fez-Traditional-Hammam-spa-.jpg\" loading=\"eager\" data-srcset=\"https:\/\/www.qatarpadelxperience.com\/wp-content\/uploads\/2025\/09\/Fez-Traditional-Hammam-spa-.jpg 1920w, https:\/\/www.qatarpadelxperience.com\/wp-content\/uploads\/2025\/09\/Fez-Traditional-Hammam-spa--300x169.jpg 300w, https:\/\/www.qatarpadelxperience.com\/wp-content\/uploads\/2025\/09\/Fez-Traditional-Hammam-spa--1024x576.jpg 1024w, https:\/\/www.qatarpadelxperience.com\/wp-content\/uploads\/2025\/09\/Fez-Traditional-Hammam-spa--768x432.jpg 768w, https:\/\/www.qatarpadelxperience.com\/wp-content\/uploads\/2025\/09\/Fez-Traditional-Hammam-spa--1536x864.jpg 1536w, https:\/\/www.qatarpadelxperience.com\/wp-content\/uploads\/2025\/09\/Fez-Traditional-Hammam-spa--1000x563.jpg 1000w\" \/><\/div><\/div><\/div>\t\t\t\t<\/div>\n\t\t\t\t<\/div>\n\t\t\t\t<\/div>\n\t\t\t\t\t<\/div>\n\t\t\t\t<\/div>\n\t\t<div data-particle_enable=\"false\" data-particle-mobile-disabled=\"false\" class=\"elementor-element elementor-element-ce625bd e-flex e-con-boxed e-con e-child\" data-id=\"ce625bd\" data-element_type=\"container\">\n\t\t\t\t\t<div class=\"e-con-inner\">\n\t\t<div data-particle_enable=\"false\" data-particle-mobile-disabled=\"false\" class=\"elementor-element elementor-element-f20113c e-con-full e-flex e-con e-child\" data-id=\"f20113c\" data-element_type=\"container\" data-settings=\"{&quot;background_background&quot;:&quot;classic&quot;}\">\n\t\t\t\t<div class=\"elementor-element elementor-element-39b5ebe content-align-left the7-hover-visibility-disabled transform-overlay-yes exceeding-frame-yes elementor-widget elementor-widget-the7-image-widget\" data-id=\"39b5ebe\" data-element_type=\"widget\" data-settings=\"{&quot;hover_visibility&quot;:&quot;disabled&quot;}\" data-widget_type=\"the7-image-widget.default\">\n\t\t\t\t<div class=\"elementor-widget-container\">\n\t\t\t\t\t<div class=\"the7-image-container\"><div class=\"the7-image-wrapper the7-elementor-widget the7-transform-container\"><div class=\"post-thumbnail-rollover layzr-bg img-css-resize-wrapper\"><img decoding=\"async\" width=\"1600\" height=\"900\" src=\"data:image\/svg+xml,%3Csvg%20xmlns%3D&#039;http%3A%2F%2Fwww.w3.org%2F2000%2Fsvg&#039;%20viewBox%3D&#039;0%200%201600%20900&#039;%2F%3E\" class=\"attachment-full size-full preload-me aspect lazy lazy-load\" alt=\"\" sizes=\"(max-width: 1600px) 100vw, 1600px\" style=\"--ratio: 1600 \/ 900;\" data-src=\"https:\/\/www.qatarpadelxperience.com\/wp-content\/uploads\/2025\/09\/CBL_315_aspect16x9.jpg\" loading=\"eager\" data-srcset=\"https:\/\/www.qatarpadelxperience.com\/wp-content\/uploads\/2025\/09\/CBL_315_aspect16x9.jpg 1600w, https:\/\/www.qatarpadelxperience.com\/wp-content\/uploads\/2025\/09\/CBL_315_aspect16x9-300x169.jpg 300w, https:\/\/www.qatarpadelxperience.com\/wp-content\/uploads\/2025\/09\/CBL_315_aspect16x9-1024x576.jpg 1024w, https:\/\/www.qatarpadelxperience.com\/wp-content\/uploads\/2025\/09\/CBL_315_aspect16x9-768x432.jpg 768w, https:\/\/www.qatarpadelxperience.com\/wp-content\/uploads\/2025\/09\/CBL_315_aspect16x9-1536x864.jpg 1536w, https:\/\/www.qatarpadelxperience.com\/wp-content\/uploads\/2025\/09\/CBL_315_aspect16x9-1000x563.jpg 1000w\" \/><\/div><\/div><\/div>\t\t\t\t<\/div>\n\t\t\t\t<\/div>\n\t\t\t\t<div class=\"elementor-element elementor-element-98b9526 elementor-widget-tablet__width-inherit elementor-widget elementor-widget-text-editor\" data-id=\"98b9526\" data-element_type=\"widget\" data-widget_type=\"text-editor.default\">\n\t\t\t\t\t\t\t\t\t<p data-start=\"1350\" data-end=\"1644\">Para um reset mais profundo de corpo e mente, o Qatar tamb\u00e9m oferece <strong data-start=\"1862\" data-end=\"1883\">retiros de bem\u2011estar<\/strong> que incluem sess\u00f5es de ioga, trabalho respirat\u00f3rio, orienta\u00e7\u00e3o nutricional e terapias de cura. Seja num resort \u00e0 beira\u2011mar ou num centro de bem\u2011estar urbano, vais encontrar espa\u00e7o para abrandar, reconectar e recarregar energias. <\/p>\t\t\t\t\t\t\t\t<\/div>\n\t\t\t\t<\/div>\n\t\t\t\t\t<\/div>\n\t\t\t\t<\/div>\n\t\t<div data-particle_enable=\"false\" data-particle-mobile-disabled=\"false\" class=\"elementor-element elementor-element-6c35796 e-flex e-con-boxed e-con e-child\" data-id=\"6c35796\" data-element_type=\"container\">\n\t\t\t\t\t<div class=\"e-con-inner\">\n\t\t<div data-particle_enable=\"false\" data-particle-mobile-disabled=\"false\" class=\"elementor-element elementor-element-a144843 e-con-full e-flex e-con e-child\" data-id=\"a144843\" data-element_type=\"container\" data-settings=\"{&quot;background_background&quot;:&quot;classic&quot;}\">\n\t\t\t\t<\/div>\n\t\t\t\t\t<\/div>\n\t\t\t\t<\/div>\n\t\t\t\t<\/div>\n\t\t\t\t<\/div>\n\t\t","protected":false},"excerpt":{"rendered":"<p>Spa &amp; bem\u2011estar no Qatar \u2013 Relaxa. Recarrega. Reconecta. No cora\u00e7\u00e3o do Golfo, o Qatar \u00e9 mais do que luxo e aventura; \u00e9 tamb\u00e9m um destino de descanso e renova\u00e7\u00e3o. Quer procures um relaxamento profundo depois de um dia no deserto ou um retiro completo de bem\u2011estar, o Qatar oferece experi\u00eancias de classe mundial que&hellip;<\/p>\n","protected":false},"author":1,"featured_media":0,"parent":0,"menu_order":10,"comment_status":"closed","ping_status":"closed","template":"","meta":{"footnotes":""},"class_list":["post-41845","page","type-page","status-publish","hentry"],"_links":{"self":[{"href":"https:\/\/www.qatarpadelxperience.com\/pt-pt\/wp-json\/wp\/v2\/pages\/41845","targetHints":{"allow":["GET"]}}],"collection":[{"href":"https:\/\/www.qatarpadelxperience.com\/pt-pt\/wp-json\/wp\/v2\/pages"}],"about":[{"href":"https:\/\/www.qatarpadelxperience.com\/pt-pt\/wp-json\/wp\/v2\/types\/page"}],"author":[{"embeddable":true,"href":"https:\/\/www.qatarpadelxperience.com\/pt-pt\/wp-json\/wp\/v2\/users\/1"}],"replies":[{"embeddable":true,"href":"https:\/\/www.qatarpadelxperience.com\/pt-pt\/wp-json\/wp\/v2\/comments?post=41845"}],"version-history":[{"count":1,"href":"https:\/\/www.qatarpadelxperience.com\/pt-pt\/wp-json\/wp\/v2\/pages\/41845\/revisions"}],"predecessor-version":[{"id":41850,"href":"https:\/\/www.qatarpadelxperience.com\/pt-pt\/wp-json\/wp\/v2\/pages\/41845\/revisions\/41850"}],"wp:attachment":[{"href":"https:\/\/www.qatarpadelxperience.com\/pt-pt\/wp-json\/wp\/v2\/media?parent=41845"}],"curies":[{"name":"wp","href":"https:\/\/api.w.org\/{rel}","templated":true}]}}