{"id":41775,"date":"2025-09-08T10:32:19","date_gmt":"2025-09-08T10:32:19","guid":{"rendered":"https:\/\/www.qatarpadelxperience.com\/index.php\/doha\/"},"modified":"2025-09-29T13:34:02","modified_gmt":"2025-09-29T13:34:02","slug":"doha","status":"publish","type":"page","link":"https:\/\/www.qatarpadelxperience.com\/pt-pt\/doha\/","title":{"rendered":"DOHA"},"content":{"rendered":"\t\t<div data-elementor-type=\"wp-page\" data-elementor-id=\"41775\" class=\"elementor elementor-41775 elementor-40884\" data-elementor-post-type=\"page\">\n\t\t\t\t<div data-particle_enable=\"false\" data-particle-mobile-disabled=\"false\" class=\"elementor-element elementor-element-967140b e-con-full e-flex e-con e-parent\" data-id=\"967140b\" data-element_type=\"container\">\n\t\t<div data-particle_enable=\"false\" data-particle-mobile-disabled=\"false\" class=\"elementor-element elementor-element-dc076af e-flex e-con-boxed e-con e-child\" data-id=\"dc076af\" data-element_type=\"container\">\n\t\t\t\t\t<div class=\"e-con-inner\">\n\t\t\t\t<div class=\"elementor-element elementor-element-223c67d elementor-widget elementor-widget-video\" data-id=\"223c67d\" data-element_type=\"widget\" data-settings=\"{&quot;youtube_url&quot;:&quot;https:\\\/\\\/www.youtube.com\\\/watch?v=TyfBJ0Vs9D4&quot;,&quot;video_type&quot;:&quot;youtube&quot;,&quot;controls&quot;:&quot;yes&quot;}\" data-widget_type=\"video.default\">\n\t\t\t\t\t\t\t<div class=\"elementor-wrapper elementor-open-inline\">\n\t\t\t<div class=\"elementor-video\"><\/div>\t\t<\/div>\n\t\t\t\t\t\t<\/div>\n\t\t\t\t\t<\/div>\n\t\t\t\t<\/div>\n\t\t\t\t<\/div>\n\t\t<div data-particle_enable=\"false\" data-particle-mobile-disabled=\"false\" class=\"elementor-element elementor-element-725fee4 e-con-full e-flex e-con e-parent\" data-id=\"725fee4\" data-element_type=\"container\">\n\t\t<div data-particle_enable=\"false\" data-particle-mobile-disabled=\"false\" class=\"elementor-element elementor-element-8fde761 e-flex e-con-boxed e-con e-child\" data-id=\"8fde761\" data-element_type=\"container\">\n\t\t\t\t\t<div class=\"e-con-inner\">\n\t\t<div data-particle_enable=\"false\" data-particle-mobile-disabled=\"false\" class=\"elementor-element elementor-element-cbd2488 e-con-full e-flex e-con e-child\" data-id=\"cbd2488\" data-element_type=\"container\" data-settings=\"{&quot;background_background&quot;:&quot;classic&quot;}\">\n\t\t\t\t<div class=\"elementor-element elementor-element-a534f58 elementor-widget-tablet__width-inherit elementor-widget elementor-widget-text-editor\" data-id=\"a534f58\" data-element_type=\"widget\" data-widget_type=\"text-editor.default\">\n\t\t\t\t\t\t\t\t\t<p><strong>Corniche<\/strong><\/p>\t\t\t\t\t\t\t\t<\/div>\n\t\t\t\t<div class=\"elementor-element elementor-element-7579c03 elementor-widget-tablet__width-inherit elementor-widget elementor-widget-text-editor\" data-id=\"7579c03\" data-element_type=\"widget\" data-widget_type=\"text-editor.default\">\n\t\t\t\t\t\t\t\t\t<p>A Corniche de Doha \u00e9 um dos passeios mar\u00edtimos mais emblem\u00e1ticos e populares da cidade. Estendendo-se por v\u00e1rios quil\u00f3metros ao longo da costa oeste de Doha, oferece vistas panor\u00e2micas da orla mar\u00edtima, com arranha-c\u00e9us cintilantes de um lado e as \u00e1guas tranquilas do Golfo P\u00e9rsico do outro. <\/p>\t\t\t\t\t\t\t\t<\/div>\n\t\t\t\t<div class=\"elementor-element elementor-element-bcdd22b content-align-left the7-hover-visibility-disabled transform-overlay-yes exceeding-frame-yes elementor-widget elementor-widget-the7-image-widget\" data-id=\"bcdd22b\" data-element_type=\"widget\" data-settings=\"{&quot;hover_visibility&quot;:&quot;disabled&quot;}\" data-widget_type=\"the7-image-widget.default\">\n\t\t\t\t<div class=\"elementor-widget-container\">\n\t\t\t\t\t<div class=\"the7-image-container\"><div class=\"the7-image-wrapper the7-elementor-widget the7-transform-container\"><div class=\"post-thumbnail-rollover layzr-bg img-css-resize-wrapper\"><img fetchpriority=\"high\" decoding=\"async\" width=\"2160\" height=\"1440\" src=\"data:image\/svg+xml,%3Csvg%20xmlns%3D&#039;http%3A%2F%2Fwww.w3.org%2F2000%2Fsvg&#039;%20viewBox%3D&#039;0%200%202160%201440&#039;%2F%3E\" class=\"attachment-full size-full preload-me aspect lazy lazy-load\" alt=\"\" sizes=\"(max-width: 2160px) 100vw, 2160px\" style=\"--ratio: 2160 \/ 1440;\" data-src=\"https:\/\/www.qatarpadelxperience.com\/wp-content\/uploads\/2025\/09\/Corniche-uai-2160x1440-1.webp\" loading=\"eager\" data-srcset=\"https:\/\/www.qatarpadelxperience.com\/wp-content\/uploads\/2025\/09\/Corniche-uai-2160x1440-1.webp 2160w, https:\/\/www.qatarpadelxperience.com\/wp-content\/uploads\/2025\/09\/Corniche-uai-2160x1440-1-300x200.webp 300w, https:\/\/www.qatarpadelxperience.com\/wp-content\/uploads\/2025\/09\/Corniche-uai-2160x1440-1-1024x683.webp 1024w, https:\/\/www.qatarpadelxperience.com\/wp-content\/uploads\/2025\/09\/Corniche-uai-2160x1440-1-768x512.webp 768w, https:\/\/www.qatarpadelxperience.com\/wp-content\/uploads\/2025\/09\/Corniche-uai-2160x1440-1-1536x1024.webp 1536w, https:\/\/www.qatarpadelxperience.com\/wp-content\/uploads\/2025\/09\/Corniche-uai-2160x1440-1-2048x1365.webp 2048w, https:\/\/www.qatarpadelxperience.com\/wp-content\/uploads\/2025\/09\/Corniche-uai-2160x1440-1-1000x667.webp 1000w\" \/><\/div><\/div><\/div>\t\t\t\t<\/div>\n\t\t\t\t<\/div>\n\t\t\t\t<\/div>\n\t\t\t\t\t<\/div>\n\t\t\t\t<\/div>\n\t\t\t\t<\/div>\n\t\t<div data-particle_enable=\"false\" data-particle-mobile-disabled=\"false\" class=\"elementor-element elementor-element-6fe9a83 e-con-full e-flex e-con e-parent\" data-id=\"6fe9a83\" data-element_type=\"container\">\n\t\t<div data-particle_enable=\"false\" data-particle-mobile-disabled=\"false\" class=\"elementor-element elementor-element-bdaa7ba e-flex e-con-boxed e-con e-child\" data-id=\"bdaa7ba\" data-element_type=\"container\">\n\t\t\t\t\t<div class=\"e-con-inner\">\n\t\t<div data-particle_enable=\"false\" data-particle-mobile-disabled=\"false\" class=\"elementor-element elementor-element-5cd6e51 e-con-full e-flex e-con e-child\" data-id=\"5cd6e51\" data-element_type=\"container\" data-settings=\"{&quot;background_background&quot;:&quot;classic&quot;}\">\n\t\t\t\t<div class=\"elementor-element elementor-element-5ebf3d7 elementor-widget-tablet__width-inherit elementor-widget elementor-widget-text-editor\" data-id=\"5ebf3d7\" data-element_type=\"widget\" data-widget_type=\"text-editor.default\">\n\t\t\t\t\t\t\t\t\t<p><strong>Souq Waqif<\/strong><\/p>\t\t\t\t\t\t\t\t<\/div>\n\t\t\t\t<div class=\"elementor-element elementor-element-3893e27 elementor-widget-tablet__width-inherit elementor-widget elementor-widget-text-editor\" data-id=\"3893e27\" data-element_type=\"widget\" data-widget_type=\"text-editor.default\">\n\t\t\t\t\t\t\t\t\t<p>O Souq Waqif \u00e9 um mercado tradicional no cora\u00e7\u00e3o de Doha, a capital do Qatar. \u00c9 um dos mercados mais antigos e populares da regi\u00e3o, oferecendo aos visitantes uma aut\u00eantica imers\u00e3o na cultura e com\u00e9rcio do Qatar. <\/p>\t\t\t\t\t\t\t\t<\/div>\n\t\t\t\t<div class=\"elementor-element elementor-element-530e84b content-align-left the7-hover-visibility-disabled transform-overlay-yes exceeding-frame-yes elementor-widget elementor-widget-the7-image-widget\" data-id=\"530e84b\" data-element_type=\"widget\" data-settings=\"{&quot;hover_visibility&quot;:&quot;disabled&quot;}\" data-widget_type=\"the7-image-widget.default\">\n\t\t\t\t<div class=\"elementor-widget-container\">\n\t\t\t\t\t<div class=\"the7-image-container\"><div class=\"the7-image-wrapper the7-elementor-widget the7-transform-container\"><div class=\"post-thumbnail-rollover layzr-bg img-css-resize-wrapper\"><img decoding=\"async\" width=\"1920\" height=\"1080\" src=\"data:image\/svg+xml,%3Csvg%20xmlns%3D&#039;http%3A%2F%2Fwww.w3.org%2F2000%2Fsvg&#039;%20viewBox%3D&#039;0%200%201920%201080&#039;%2F%3E\" class=\"attachment-full size-full preload-me aspect lazy lazy-load\" alt=\"\" sizes=\"(max-width: 1920px) 100vw, 1920px\" style=\"--ratio: 1920 \/ 1080;\" data-src=\"https:\/\/www.qatarpadelxperience.com\/wp-content\/uploads\/2025\/09\/SOUQ-WAKIF.jpg\" loading=\"eager\" data-srcset=\"https:\/\/www.qatarpadelxperience.com\/wp-content\/uploads\/2025\/09\/SOUQ-WAKIF.jpg 1920w, https:\/\/www.qatarpadelxperience.com\/wp-content\/uploads\/2025\/09\/SOUQ-WAKIF-300x169.jpg 300w, https:\/\/www.qatarpadelxperience.com\/wp-content\/uploads\/2025\/09\/SOUQ-WAKIF-1024x576.jpg 1024w, https:\/\/www.qatarpadelxperience.com\/wp-content\/uploads\/2025\/09\/SOUQ-WAKIF-768x432.jpg 768w, https:\/\/www.qatarpadelxperience.com\/wp-content\/uploads\/2025\/09\/SOUQ-WAKIF-1536x864.jpg 1536w, https:\/\/www.qatarpadelxperience.com\/wp-content\/uploads\/2025\/09\/SOUQ-WAKIF-1000x563.jpg 1000w\" \/><\/div><\/div><\/div>\t\t\t\t<\/div>\n\t\t\t\t<\/div>\n\t\t\t\t<div class=\"elementor-element elementor-element-7f32382 elementor-widget__width-initial elementor-widget elementor-widget-video\" data-id=\"7f32382\" data-element_type=\"widget\" data-settings=\"{&quot;youtube_url&quot;:&quot;https:\\\/\\\/www.youtube.com\\\/watch?v=0umhgfOEcxA&quot;,&quot;video_type&quot;:&quot;youtube&quot;,&quot;controls&quot;:&quot;yes&quot;}\" data-widget_type=\"video.default\">\n\t\t\t\t\t\t\t<div class=\"elementor-wrapper elementor-open-inline\">\n\t\t\t<div class=\"elementor-video\"><\/div>\t\t<\/div>\n\t\t\t\t\t\t<\/div>\n\t\t\t\t<\/div>\n\t\t\t\t\t<\/div>\n\t\t\t\t<\/div>\n\t\t<div data-particle_enable=\"false\" data-particle-mobile-disabled=\"false\" class=\"elementor-element elementor-element-55403dc e-flex e-con-boxed e-con e-child\" data-id=\"55403dc\" data-element_type=\"container\">\n\t\t\t\t\t<div class=\"e-con-inner\">\n\t\t<div data-particle_enable=\"false\" data-particle-mobile-disabled=\"false\" class=\"elementor-element elementor-element-8be469f e-con-full e-flex e-con e-child\" data-id=\"8be469f\" data-element_type=\"container\" data-settings=\"{&quot;background_background&quot;:&quot;classic&quot;}\">\n\t\t\t\t<div class=\"elementor-element elementor-element-6ce5696 elementor-widget-tablet__width-inherit elementor-widget elementor-widget-text-editor\" data-id=\"6ce5696\" data-element_type=\"widget\" data-widget_type=\"text-editor.default\">\n\t\t\t\t\t\t\t\t\t<p><strong>Museu de Arte Isl\u00e2mica<\/strong><\/p>\t\t\t\t\t\t\t\t<\/div>\n\t\t\t\t<div class=\"elementor-element elementor-element-0cf321d elementor-widget-tablet__width-inherit elementor-widget elementor-widget-text-editor\" data-id=\"0cf321d\" data-element_type=\"widget\" data-widget_type=\"text-editor.default\">\n\t\t\t\t\t\t\t\t\t<p>Uma maravilha arquitet\u00f3nica localizada na Corniche de Doha. Projetado pelo arquiteto Ieoh Ming Pei, este museu alberga uma cole\u00e7\u00e3o excecional de arte isl\u00e2mica, desde t\u00eaxteis e cer\u00e2micas a manuscritos e objetos de metal precioso, oferecendo um vislumbre cativante da cultura isl\u00e2mica ao longo dos s\u00e9culos. <\/p>\t\t\t\t\t\t\t\t<\/div>\n\t\t\t\t<div class=\"elementor-element elementor-element-2999eec content-align-left the7-hover-visibility-disabled transform-overlay-yes exceeding-frame-yes elementor-widget elementor-widget-the7-image-widget\" data-id=\"2999eec\" data-element_type=\"widget\" data-settings=\"{&quot;hover_visibility&quot;:&quot;disabled&quot;}\" data-widget_type=\"the7-image-widget.default\">\n\t\t\t\t<div class=\"elementor-widget-container\">\n\t\t\t\t\t<div class=\"the7-image-container\"><div class=\"the7-image-wrapper the7-elementor-widget the7-transform-container\"><div class=\"post-thumbnail-rollover layzr-bg img-css-resize-wrapper\"><img decoding=\"async\" width=\"1920\" height=\"1080\" src=\"data:image\/svg+xml,%3Csvg%20xmlns%3D&#039;http%3A%2F%2Fwww.w3.org%2F2000%2Fsvg&#039;%20viewBox%3D&#039;0%200%201920%201080&#039;%2F%3E\" class=\"attachment-full size-full preload-me aspect lazy lazy-load\" alt=\"\" sizes=\"(max-width: 1920px) 100vw, 1920px\" style=\"--ratio: 1920 \/ 1080;\" data-src=\"https:\/\/www.qatarpadelxperience.com\/wp-content\/uploads\/2025\/09\/Museum-of-Islamic-Art.jpg\" loading=\"eager\" data-srcset=\"https:\/\/www.qatarpadelxperience.com\/wp-content\/uploads\/2025\/09\/Museum-of-Islamic-Art.jpg 1920w, https:\/\/www.qatarpadelxperience.com\/wp-content\/uploads\/2025\/09\/Museum-of-Islamic-Art-300x169.jpg 300w, https:\/\/www.qatarpadelxperience.com\/wp-content\/uploads\/2025\/09\/Museum-of-Islamic-Art-1024x576.jpg 1024w, https:\/\/www.qatarpadelxperience.com\/wp-content\/uploads\/2025\/09\/Museum-of-Islamic-Art-768x432.jpg 768w, https:\/\/www.qatarpadelxperience.com\/wp-content\/uploads\/2025\/09\/Museum-of-Islamic-Art-1536x864.jpg 1536w, https:\/\/www.qatarpadelxperience.com\/wp-content\/uploads\/2025\/09\/Museum-of-Islamic-Art-1000x563.jpg 1000w\" \/><\/div><\/div><\/div>\t\t\t\t<\/div>\n\t\t\t\t<\/div>\n\t\t\t\t<\/div>\n\t\t\t\t\t<\/div>\n\t\t\t\t<\/div>\n\t\t<div data-particle_enable=\"false\" data-particle-mobile-disabled=\"false\" class=\"elementor-element elementor-element-ce625bd e-flex e-con-boxed e-con e-child\" data-id=\"ce625bd\" data-element_type=\"container\">\n\t\t\t\t\t<div class=\"e-con-inner\">\n\t\t<div data-particle_enable=\"false\" data-particle-mobile-disabled=\"false\" class=\"elementor-element elementor-element-f20113c e-con-full e-flex e-con e-child\" data-id=\"f20113c\" data-element_type=\"container\" data-settings=\"{&quot;background_background&quot;:&quot;classic&quot;}\">\n\t\t\t\t<div class=\"elementor-element elementor-element-dccddfc elementor-widget-tablet__width-inherit elementor-widget elementor-widget-text-editor\" data-id=\"dccddfc\" data-element_type=\"widget\" data-widget_type=\"text-editor.default\">\n\t\t\t\t\t\t\t\t\t<p><strong>The Pearl<\/strong><\/p>\t\t\t\t\t\t\t\t<\/div>\n\t\t\t\t<div class=\"elementor-element elementor-element-6d063e8 elementor-widget-tablet__width-inherit elementor-widget elementor-widget-text-editor\" data-id=\"6d063e8\" data-element_type=\"widget\" data-widget_type=\"text-editor.default\">\n\t\t\t\t\t\t\t\t\t<p>The Pearl \u00e9 um dos projetos mais ambiciosos e emblem\u00e1ticos do Qatar, concebido para ser um para\u00edso residencial, comercial e tur\u00edstico. Este empreendimento de luxo alberga uma impressionante variedade de resid\u00eancias de alta qualidade, desde apartamentos de luxo a espa\u00e7osas villas, bem como boutiques de designers, restaurantes gourmet, caf\u00e9s da moda e espa\u00e7os de entretenimento exclusivos. Canais naveg\u00e1veis, marinas pitorescas e espa\u00e7os verdes bem cuidados aumentam o apelo est\u00e9tico da ilha.  <\/p>\t\t\t\t\t\t\t\t<\/div>\n\t\t\t\t<div class=\"elementor-element elementor-element-39b5ebe content-align-left the7-hover-visibility-disabled transform-overlay-yes exceeding-frame-yes elementor-widget elementor-widget-the7-image-widget\" data-id=\"39b5ebe\" data-element_type=\"widget\" data-settings=\"{&quot;hover_visibility&quot;:&quot;disabled&quot;}\" data-widget_type=\"the7-image-widget.default\">\n\t\t\t\t<div class=\"elementor-widget-container\">\n\t\t\t\t\t<div class=\"the7-image-container\"><div class=\"the7-image-wrapper the7-elementor-widget the7-transform-container\"><div class=\"post-thumbnail-rollover layzr-bg img-css-resize-wrapper\"><img decoding=\"async\" width=\"1920\" height=\"1080\" src=\"data:image\/svg+xml,%3Csvg%20xmlns%3D&#039;http%3A%2F%2Fwww.w3.org%2F2000%2Fsvg&#039;%20viewBox%3D&#039;0%200%201920%201080&#039;%2F%3E\" class=\"attachment-full size-full preload-me aspect lazy lazy-load\" alt=\"\" sizes=\"(max-width: 1920px) 100vw, 1920px\" style=\"--ratio: 1920 \/ 1080;\" data-src=\"https:\/\/www.qatarpadelxperience.com\/wp-content\/uploads\/2025\/09\/The-Pearl.jpg\" loading=\"eager\" data-srcset=\"https:\/\/www.qatarpadelxperience.com\/wp-content\/uploads\/2025\/09\/The-Pearl.jpg 1920w, https:\/\/www.qatarpadelxperience.com\/wp-content\/uploads\/2025\/09\/The-Pearl-300x169.jpg 300w, https:\/\/www.qatarpadelxperience.com\/wp-content\/uploads\/2025\/09\/The-Pearl-1024x576.jpg 1024w, https:\/\/www.qatarpadelxperience.com\/wp-content\/uploads\/2025\/09\/The-Pearl-768x432.jpg 768w, https:\/\/www.qatarpadelxperience.com\/wp-content\/uploads\/2025\/09\/The-Pearl-1536x864.jpg 1536w, https:\/\/www.qatarpadelxperience.com\/wp-content\/uploads\/2025\/09\/The-Pearl-1000x563.jpg 1000w\" \/><\/div><\/div><\/div>\t\t\t\t<\/div>\n\t\t\t\t<\/div>\n\t\t\t\t<\/div>\n\t\t\t\t\t<\/div>\n\t\t\t\t<\/div>\n\t\t<div data-particle_enable=\"false\" data-particle-mobile-disabled=\"false\" class=\"elementor-element elementor-element-6c35796 e-flex e-con-boxed e-con e-child\" data-id=\"6c35796\" data-element_type=\"container\">\n\t\t\t\t\t<div class=\"e-con-inner\">\n\t\t<div data-particle_enable=\"false\" data-particle-mobile-disabled=\"false\" class=\"elementor-element elementor-element-a144843 e-con-full e-flex e-con e-child\" data-id=\"a144843\" data-element_type=\"container\" data-settings=\"{&quot;background_background&quot;:&quot;classic&quot;}\">\n\t\t\t\t<\/div>\n\t\t\t\t\t<\/div>\n\t\t\t\t<\/div>\n\t\t\t\t<\/div>\n\t\t\t\t<\/div>\n\t\t","protected":false},"excerpt":{"rendered":"<p>https:\/\/www.youtube.com\/watch?v=TyfBJ0Vs9D4 Corniche A Corniche de Doha \u00e9 um dos passeios mar\u00edtimos mais emblem\u00e1ticos e populares da cidade. Estendendo-se por v\u00e1rios quil\u00f3metros ao longo da costa oeste de Doha, oferece vistas panor\u00e2micas da orla mar\u00edtima, com arranha-c\u00e9us cintilantes de um lado e as \u00e1guas tranquilas do Golfo P\u00e9rsico do outro. Souq Waqif O Souq Waqif \u00e9&hellip;<\/p>\n","protected":false},"author":1,"featured_media":0,"parent":0,"menu_order":10,"comment_status":"closed","ping_status":"closed","template":"","meta":{"footnotes":""},"class_list":["post-41775","page","type-page","status-publish","hentry"],"_links":{"self":[{"href":"https:\/\/www.qatarpadelxperience.com\/pt-pt\/wp-json\/wp\/v2\/pages\/41775","targetHints":{"allow":["GET"]}}],"collection":[{"href":"https:\/\/www.qatarpadelxperience.com\/pt-pt\/wp-json\/wp\/v2\/pages"}],"about":[{"href":"https:\/\/www.qatarpadelxperience.com\/pt-pt\/wp-json\/wp\/v2\/types\/page"}],"author":[{"embeddable":true,"href":"https:\/\/www.qatarpadelxperience.com\/pt-pt\/wp-json\/wp\/v2\/users\/1"}],"replies":[{"embeddable":true,"href":"https:\/\/www.qatarpadelxperience.com\/pt-pt\/wp-json\/wp\/v2\/comments?post=41775"}],"version-history":[{"count":1,"href":"https:\/\/www.qatarpadelxperience.com\/pt-pt\/wp-json\/wp\/v2\/pages\/41775\/revisions"}],"predecessor-version":[{"id":41780,"href":"https:\/\/www.qatarpadelxperience.com\/pt-pt\/wp-json\/wp\/v2\/pages\/41775\/revisions\/41780"}],"wp:attachment":[{"href":"https:\/\/www.qatarpadelxperience.com\/pt-pt\/wp-json\/wp\/v2\/media?parent=41775"}],"curies":[{"name":"wp","href":"https:\/\/api.w.org\/{rel}","templated":true}]}}