{"id":41697,"date":"2025-09-08T11:40:08","date_gmt":"2025-09-08T11:40:08","guid":{"rendered":"https:\/\/www.qatarpadelxperience.com\/index.php\/experiencias-autenticas\/"},"modified":"2025-09-29T13:33:06","modified_gmt":"2025-09-29T13:33:06","slug":"experiencias-autenticas","status":"publish","type":"page","link":"https:\/\/www.qatarpadelxperience.com\/pt-pt\/experiencias-autenticas\/","title":{"rendered":"EXPERI\u00caNCIAS AUT\u00caNTICAS"},"content":{"rendered":"\t\t<div data-elementor-type=\"wp-page\" data-elementor-id=\"41697\" class=\"elementor elementor-41697 elementor-40906\" data-elementor-post-type=\"page\">\n\t\t\t\t<div data-particle_enable=\"false\" data-particle-mobile-disabled=\"false\" class=\"elementor-element elementor-element-967140b e-con-full e-flex e-con e-parent\" data-id=\"967140b\" data-element_type=\"container\">\n\t\t<div data-particle_enable=\"false\" data-particle-mobile-disabled=\"false\" class=\"elementor-element elementor-element-3e4af17 e-flex e-con-boxed e-con e-child\" data-id=\"3e4af17\" data-element_type=\"container\">\n\t\t\t\t\t<div class=\"e-con-inner\">\n\t\t\t\t<div class=\"elementor-element elementor-element-83d95c8 elementor-widget elementor-widget-video\" data-id=\"83d95c8\" data-element_type=\"widget\" data-settings=\"{&quot;youtube_url&quot;:&quot;https:\\\/\\\/www.youtube.com\\\/watch?v=avIptOwyKFo&quot;,&quot;video_type&quot;:&quot;youtube&quot;,&quot;controls&quot;:&quot;yes&quot;}\" data-widget_type=\"video.default\">\n\t\t\t\t\t\t\t<div class=\"elementor-wrapper elementor-open-inline\">\n\t\t\t<div class=\"elementor-video\"><\/div>\t\t<\/div>\n\t\t\t\t\t\t<\/div>\n\t\t\t\t\t<\/div>\n\t\t\t\t<\/div>\n\t\t\t\t<\/div>\n\t\t<div data-particle_enable=\"false\" data-particle-mobile-disabled=\"false\" class=\"elementor-element elementor-element-725fee4 e-con-full e-flex e-con e-parent\" data-id=\"725fee4\" data-element_type=\"container\">\n\t\t<div data-particle_enable=\"false\" data-particle-mobile-disabled=\"false\" class=\"elementor-element elementor-element-8fde761 e-flex e-con-boxed e-con e-child\" data-id=\"8fde761\" data-element_type=\"container\">\n\t\t\t\t\t<div class=\"e-con-inner\">\n\t\t<div data-particle_enable=\"false\" data-particle-mobile-disabled=\"false\" class=\"elementor-element elementor-element-cbd2488 e-con-full e-flex e-con e-child\" data-id=\"cbd2488\" data-element_type=\"container\" data-settings=\"{&quot;background_background&quot;:&quot;classic&quot;}\">\n\t\t\t\t<div class=\"elementor-element elementor-element-a534f58 elementor-widget-tablet__width-inherit elementor-widget elementor-widget-text-editor\" data-id=\"a534f58\" data-element_type=\"widget\" data-widget_type=\"text-editor.default\">\n\t\t\t\t\t\t\t\t\t<p><strong>Barcos dhow<\/strong><\/p>\t\t\t\t\t\t\t\t<\/div>\n\t\t\t\t<div class=\"elementor-element elementor-element-7579c03 elementor-widget-tablet__width-inherit elementor-widget elementor-widget-text-editor\" data-id=\"7579c03\" data-element_type=\"widget\" data-widget_type=\"text-editor.default\">\n\t\t\t\t\t\t\t\t\t<p>Embarca num <strong data-start=\"536\" data-end=\"551\">dhow qatari<\/strong> tradicional, um barco \u00e0 vela de madeira outrora usado para a pesca e mergulho de p\u00e9rolas. Hoje, estas embarca\u00e7\u00f5es lindamente restauradas oferecem cruzeiros inesquec\u00edveis ao longo do horizonte cintilante de Doha. Enquanto o sol se p\u00f5e sobre a Corniche, relaxa no conv\u00e9s com uma brisa fresca e vistas panor\u00e2micas da cidade. Seja para romance ou relaxamento, um cruzeiro de dhow captura a alma do antigo Qatar com um toque moderno.   <\/p>\t\t\t\t\t\t\t\t<\/div>\n\t\t\t\t<div class=\"elementor-element elementor-element-bcdd22b content-align-left the7-hover-visibility-disabled transform-overlay-yes exceeding-frame-yes elementor-widget elementor-widget-the7-image-widget\" data-id=\"bcdd22b\" data-element_type=\"widget\" data-settings=\"{&quot;hover_visibility&quot;:&quot;disabled&quot;}\" data-widget_type=\"the7-image-widget.default\">\n\t\t\t\t<div class=\"elementor-widget-container\">\n\t\t\t\t\t<div class=\"the7-image-container\"><div class=\"the7-image-wrapper the7-elementor-widget the7-transform-container\"><div class=\"post-thumbnail-rollover layzr-bg img-css-resize-wrapper\"><img fetchpriority=\"high\" decoding=\"async\" width=\"1280\" height=\"853\" src=\"data:image\/svg+xml,%3Csvg%20xmlns%3D&#039;http%3A%2F%2Fwww.w3.org%2F2000%2Fsvg&#039;%20viewBox%3D&#039;0%200%201280%20853&#039;%2F%3E\" class=\"attachment-full size-full preload-me aspect lazy lazy-load\" alt=\"\" sizes=\"(max-width: 1280px) 100vw, 1280px\" style=\"--ratio: 1280 \/ 853;\" data-src=\"https:\/\/www.qatarpadelxperience.com\/wp-content\/uploads\/2025\/09\/medium-1280px-2.jpeg\" loading=\"eager\" data-srcset=\"https:\/\/www.qatarpadelxperience.com\/wp-content\/uploads\/2025\/09\/medium-1280px-2.jpeg 1280w, https:\/\/www.qatarpadelxperience.com\/wp-content\/uploads\/2025\/09\/medium-1280px-2-300x200.jpeg 300w, https:\/\/www.qatarpadelxperience.com\/wp-content\/uploads\/2025\/09\/medium-1280px-2-1024x682.jpeg 1024w, https:\/\/www.qatarpadelxperience.com\/wp-content\/uploads\/2025\/09\/medium-1280px-2-768x512.jpeg 768w, https:\/\/www.qatarpadelxperience.com\/wp-content\/uploads\/2025\/09\/medium-1280px-2-1000x666.jpeg 1000w\" \/><\/div><\/div><\/div>\t\t\t\t<\/div>\n\t\t\t\t<\/div>\n\t\t\t\t<\/div>\n\t\t\t\t\t<\/div>\n\t\t\t\t<\/div>\n\t\t\t\t<\/div>\n\t\t<div data-particle_enable=\"false\" data-particle-mobile-disabled=\"false\" class=\"elementor-element elementor-element-6fe9a83 e-con-full e-flex e-con e-parent\" data-id=\"6fe9a83\" data-element_type=\"container\">\n\t\t<div data-particle_enable=\"false\" data-particle-mobile-disabled=\"false\" class=\"elementor-element elementor-element-bdaa7ba e-flex e-con-boxed e-con e-child\" data-id=\"bdaa7ba\" data-element_type=\"container\">\n\t\t\t\t\t<div class=\"e-con-inner\">\n\t\t<div data-particle_enable=\"false\" data-particle-mobile-disabled=\"false\" class=\"elementor-element elementor-element-5cd6e51 e-con-full e-flex e-con e-child\" data-id=\"5cd6e51\" data-element_type=\"container\" data-settings=\"{&quot;background_background&quot;:&quot;classic&quot;}\">\n\t\t\t\t<div class=\"elementor-element elementor-element-5ebf3d7 elementor-widget-tablet__width-inherit elementor-widget elementor-widget-text-editor\" data-id=\"5ebf3d7\" data-element_type=\"widget\" data-widget_type=\"text-editor.default\">\n\t\t\t\t\t\t\t\t\t<p><strong>Noites no deserto num acampamento bedu\u00edno<\/strong><\/p>\t\t\t\t\t\t\t\t<\/div>\n\t\t\t\t<div class=\"elementor-element elementor-element-3893e27 elementor-widget-tablet__width-inherit elementor-widget elementor-widget-text-editor\" data-id=\"3893e27\" data-element_type=\"widget\" data-widget_type=\"text-editor.default\">\n\t\t\t\t\t\t\t\t\t<p>Experimenta o esp\u00edrito intemporal do deserto num <strong data-start=\"1018\" data-end=\"1040\">acampamento de estilo bedu\u00edno<\/strong> aninhado entre as dunas. Depois de uma tarde de aventura nas dunas ou passeio de camelo, relaxa sob as estrelas com m\u00fasica tradicional, pratos locais e hospitalidade qatari. Rodeado de sil\u00eancio e areia, o acampamento oferece uma rara sensa\u00e7\u00e3o de paz e autenticidade, um momento para te desconectares e reconectares com a natureza e cultura.  <\/p>\t\t\t\t\t\t\t\t<\/div>\n\t\t\t\t<div class=\"elementor-element elementor-element-530e84b content-align-left the7-hover-visibility-disabled transform-overlay-yes exceeding-frame-yes elementor-widget elementor-widget-the7-image-widget\" data-id=\"530e84b\" data-element_type=\"widget\" data-settings=\"{&quot;hover_visibility&quot;:&quot;disabled&quot;}\" data-widget_type=\"the7-image-widget.default\">\n\t\t\t\t<div class=\"elementor-widget-container\">\n\t\t\t\t\t<div class=\"the7-image-container\"><div class=\"the7-image-wrapper the7-elementor-widget the7-transform-container\"><div class=\"post-thumbnail-rollover layzr-bg img-css-resize-wrapper\"><img decoding=\"async\" width=\"2500\" height=\"1667\" src=\"data:image\/svg+xml,%3Csvg%20xmlns%3D&#039;http%3A%2F%2Fwww.w3.org%2F2000%2Fsvg&#039;%20viewBox%3D&#039;0%200%202500%201667&#039;%2F%3E\" class=\"attachment-full size-full preload-me aspect lazy lazy-load\" alt=\"\" sizes=\"(max-width: 2500px) 100vw, 2500px\" style=\"--ratio: 2500 \/ 1667;\" data-src=\"https:\/\/www.qatarpadelxperience.com\/wp-content\/uploads\/2025\/09\/BedouinDirectionsCamp.webp\" loading=\"eager\" data-srcset=\"https:\/\/www.qatarpadelxperience.com\/wp-content\/uploads\/2025\/09\/BedouinDirectionsCamp.webp 2500w, https:\/\/www.qatarpadelxperience.com\/wp-content\/uploads\/2025\/09\/BedouinDirectionsCamp-300x200.webp 300w, https:\/\/www.qatarpadelxperience.com\/wp-content\/uploads\/2025\/09\/BedouinDirectionsCamp-1024x683.webp 1024w, https:\/\/www.qatarpadelxperience.com\/wp-content\/uploads\/2025\/09\/BedouinDirectionsCamp-768x512.webp 768w, https:\/\/www.qatarpadelxperience.com\/wp-content\/uploads\/2025\/09\/BedouinDirectionsCamp-1536x1024.webp 1536w, https:\/\/www.qatarpadelxperience.com\/wp-content\/uploads\/2025\/09\/BedouinDirectionsCamp-2048x1366.webp 2048w, https:\/\/www.qatarpadelxperience.com\/wp-content\/uploads\/2025\/09\/BedouinDirectionsCamp-1000x667.webp 1000w\" \/><\/div><\/div><\/div>\t\t\t\t<\/div>\n\t\t\t\t<\/div>\n\t\t\t\t<\/div>\n\t\t\t\t\t<\/div>\n\t\t\t\t<\/div>\n\t\t<div data-particle_enable=\"false\" data-particle-mobile-disabled=\"false\" class=\"elementor-element elementor-element-55403dc e-flex e-con-boxed e-con e-child\" data-id=\"55403dc\" data-element_type=\"container\">\n\t\t\t\t\t<div class=\"e-con-inner\">\n\t\t<div data-particle_enable=\"false\" data-particle-mobile-disabled=\"false\" class=\"elementor-element elementor-element-8be469f e-con-full e-flex e-con e-child\" data-id=\"8be469f\" data-element_type=\"container\" data-settings=\"{&quot;background_background&quot;:&quot;classic&quot;}\">\n\t\t\t\t<div class=\"elementor-element elementor-element-6ce5696 elementor-widget-tablet__width-inherit elementor-widget elementor-widget-text-editor\" data-id=\"6ce5696\" data-element_type=\"widget\" data-widget_type=\"text-editor.default\">\n\t\t\t\t\t\t\t\t\t<p><strong>Aventura no deserto 4&#215;4<\/strong><\/p>\t\t\t\t\t\t\t\t<\/div>\n\t\t\t\t<div class=\"elementor-element elementor-element-0cf321d elementor-widget-tablet__width-inherit elementor-widget elementor-widget-text-editor\" data-id=\"0cf321d\" data-element_type=\"widget\" data-widget_type=\"text-editor.default\">\n\t\t\t\t\t\t\t\t\t<p>Para os amantes de emo\u00e7\u00f5es fortes, nada se compara a um <strong data-start=\"1134\" data-end=\"1184\">safari 4&#215;4 pelas dram\u00e1ticas dunas de areia do Qatar<\/strong>. Liderados por condutores experientes, estes passeios cheios de adrenalina levam-te ao fundo do deserto, onde ondas douradas de areia se estendem infinitamente at\u00e9 ao horizonte. Para para vistas de cortar a respira\u00e7\u00e3o, tira fotos em Khor Al Adaid (o Mar Interior), e sente a emo\u00e7\u00e3o de deslizar para cima e para baixo das dunas, uma experi\u00eancia obrigat\u00f3ria para cada visitante.  <\/p>\t\t\t\t\t\t\t\t<\/div>\n\t\t\t\t<div class=\"elementor-element elementor-element-2999eec content-align-left the7-hover-visibility-disabled transform-overlay-yes exceeding-frame-yes elementor-widget elementor-widget-the7-image-widget\" data-id=\"2999eec\" data-element_type=\"widget\" data-settings=\"{&quot;hover_visibility&quot;:&quot;disabled&quot;}\" data-widget_type=\"the7-image-widget.default\">\n\t\t\t\t<div class=\"elementor-widget-container\">\n\t\t\t\t\t<div class=\"the7-image-container\"><div class=\"the7-image-wrapper the7-elementor-widget the7-transform-container\"><div class=\"post-thumbnail-rollover layzr-bg img-css-resize-wrapper\"><img decoding=\"async\" width=\"1280\" height=\"853\" src=\"data:image\/svg+xml,%3Csvg%20xmlns%3D&#039;http%3A%2F%2Fwww.w3.org%2F2000%2Fsvg&#039;%20viewBox%3D&#039;0%200%201280%20853&#039;%2F%3E\" class=\"attachment-full size-full preload-me aspect lazy lazy-load\" alt=\"\" sizes=\"(max-width: 1280px) 100vw, 1280px\" style=\"--ratio: 1280 \/ 853;\" data-src=\"https:\/\/www.qatarpadelxperience.com\/wp-content\/uploads\/2025\/09\/cq5dam.web_.1280.1280-4.jpeg\" loading=\"eager\" data-srcset=\"https:\/\/www.qatarpadelxperience.com\/wp-content\/uploads\/2025\/09\/cq5dam.web_.1280.1280-4.jpeg 1280w, https:\/\/www.qatarpadelxperience.com\/wp-content\/uploads\/2025\/09\/cq5dam.web_.1280.1280-4-300x200.jpeg 300w, https:\/\/www.qatarpadelxperience.com\/wp-content\/uploads\/2025\/09\/cq5dam.web_.1280.1280-4-1024x682.jpeg 1024w, https:\/\/www.qatarpadelxperience.com\/wp-content\/uploads\/2025\/09\/cq5dam.web_.1280.1280-4-768x512.jpeg 768w, https:\/\/www.qatarpadelxperience.com\/wp-content\/uploads\/2025\/09\/cq5dam.web_.1280.1280-4-1000x666.jpeg 1000w\" \/><\/div><\/div><\/div>\t\t\t\t<\/div>\n\t\t\t\t<\/div>\n\t\t\t\t<\/div>\n\t\t\t\t\t<\/div>\n\t\t\t\t<\/div>\n\t\t<div data-particle_enable=\"false\" data-particle-mobile-disabled=\"false\" class=\"elementor-element elementor-element-6c35796 e-flex e-con-boxed e-con e-child\" data-id=\"6c35796\" data-element_type=\"container\">\n\t\t\t\t\t<div class=\"e-con-inner\">\n\t\t<div data-particle_enable=\"false\" data-particle-mobile-disabled=\"false\" class=\"elementor-element elementor-element-a144843 e-con-full e-flex e-con e-child\" data-id=\"a144843\" data-element_type=\"container\" data-settings=\"{&quot;background_background&quot;:&quot;classic&quot;}\">\n\t\t\t\t<\/div>\n\t\t\t\t\t<\/div>\n\t\t\t\t<\/div>\n\t\t\t\t<\/div>\n\t\t\t\t<\/div>\n\t\t","protected":false},"excerpt":{"rendered":"<p>https:\/\/www.youtube.com\/watch?v=avIptOwyKFo Barcos dhow Embarca num dhow qatari tradicional, um barco \u00e0 vela de madeira outrora usado para a pesca e mergulho de p\u00e9rolas. Hoje, estas embarca\u00e7\u00f5es lindamente restauradas oferecem cruzeiros inesquec\u00edveis ao longo do horizonte cintilante de Doha. Enquanto o sol se p\u00f5e sobre a Corniche, relaxa no conv\u00e9s com uma brisa fresca e vistas&hellip;<\/p>\n","protected":false},"author":1,"featured_media":0,"parent":0,"menu_order":10,"comment_status":"closed","ping_status":"closed","template":"","meta":{"footnotes":""},"class_list":["post-41697","page","type-page","status-publish","hentry"],"_links":{"self":[{"href":"https:\/\/www.qatarpadelxperience.com\/pt-pt\/wp-json\/wp\/v2\/pages\/41697","targetHints":{"allow":["GET"]}}],"collection":[{"href":"https:\/\/www.qatarpadelxperience.com\/pt-pt\/wp-json\/wp\/v2\/pages"}],"about":[{"href":"https:\/\/www.qatarpadelxperience.com\/pt-pt\/wp-json\/wp\/v2\/types\/page"}],"author":[{"embeddable":true,"href":"https:\/\/www.qatarpadelxperience.com\/pt-pt\/wp-json\/wp\/v2\/users\/1"}],"replies":[{"embeddable":true,"href":"https:\/\/www.qatarpadelxperience.com\/pt-pt\/wp-json\/wp\/v2\/comments?post=41697"}],"version-history":[{"count":1,"href":"https:\/\/www.qatarpadelxperience.com\/pt-pt\/wp-json\/wp\/v2\/pages\/41697\/revisions"}],"predecessor-version":[{"id":41701,"href":"https:\/\/www.qatarpadelxperience.com\/pt-pt\/wp-json\/wp\/v2\/pages\/41697\/revisions\/41701"}],"wp:attachment":[{"href":"https:\/\/www.qatarpadelxperience.com\/pt-pt\/wp-json\/wp\/v2\/media?parent=41697"}],"curies":[{"name":"wp","href":"https:\/\/api.w.org\/{rel}","templated":true}]}}