{"id":41603,"date":"2025-09-25T22:11:05","date_gmt":"2025-09-25T22:11:05","guid":{"rendered":"https:\/\/www.qatarpadelxperience.com\/index.php\/joga-padel\/"},"modified":"2025-09-29T15:01:16","modified_gmt":"2025-09-29T15:01:16","slug":"joga-padel","status":"publish","type":"page","link":"https:\/\/www.qatarpadelxperience.com\/pt-pt\/joga-padel\/","title":{"rendered":"Joga padel"},"content":{"rendered":"\t\t<div data-elementor-type=\"wp-page\" data-elementor-id=\"41603\" class=\"elementor elementor-41603 elementor-41265\" data-elementor-post-type=\"page\">\n\t\t\t\t<div data-particle_enable=\"false\" data-particle-mobile-disabled=\"false\" class=\"elementor-element elementor-element-967140b e-con-full e-flex e-con e-parent\" data-id=\"967140b\" data-element_type=\"container\">\n\t\t<div data-particle_enable=\"false\" data-particle-mobile-disabled=\"false\" class=\"elementor-element elementor-element-31fc051 e-flex e-con-boxed e-con e-child\" data-id=\"31fc051\" data-element_type=\"container\">\n\t\t\t\t\t<div class=\"e-con-inner\">\n\t\t<div data-particle_enable=\"false\" data-particle-mobile-disabled=\"false\" class=\"elementor-element elementor-element-c00b4df e-con-full e-flex e-con e-child\" data-id=\"c00b4df\" data-element_type=\"container\">\n\t\t\t\t<div class=\"elementor-element elementor-element-afc42cd content-align-left the7-hover-visibility-disabled transform-overlay-yes exceeding-frame-yes elementor-widget elementor-widget-the7-image-widget\" data-id=\"afc42cd\" data-element_type=\"widget\" data-settings=\"{&quot;hover_visibility&quot;:&quot;disabled&quot;}\" data-widget_type=\"the7-image-widget.default\">\n\t\t\t\t<div class=\"elementor-widget-container\">\n\t\t\t\t\t<div class=\"the7-image-container\"><div class=\"the7-image-wrapper the7-elementor-widget the7-transform-container\"><div class=\"post-thumbnail-rollover layzr-bg img-css-resize-wrapper\"><img fetchpriority=\"high\" decoding=\"async\" width=\"900\" height=\"900\" src=\"data:image\/svg+xml,%3Csvg%20xmlns%3D&#039;http%3A%2F%2Fwww.w3.org%2F2000%2Fsvg&#039;%20viewBox%3D&#039;0%200%20900%20900&#039;%2F%3E\" class=\"attachment-full size-full preload-me aspect lazy lazy-load\" alt=\"\" sizes=\"(max-width: 900px) 100vw, 900px\" style=\"--ratio: 900 \/ 900;\" data-src=\"https:\/\/www.qatarpadelxperience.com\/wp-content\/uploads\/2025\/09\/channels4_profile.jpg\" loading=\"eager\" data-srcset=\"https:\/\/www.qatarpadelxperience.com\/wp-content\/uploads\/2025\/09\/channels4_profile.jpg 900w, https:\/\/www.qatarpadelxperience.com\/wp-content\/uploads\/2025\/09\/channels4_profile-300x300.jpg 300w, https:\/\/www.qatarpadelxperience.com\/wp-content\/uploads\/2025\/09\/channels4_profile-150x150.jpg 150w, https:\/\/www.qatarpadelxperience.com\/wp-content\/uploads\/2025\/09\/channels4_profile-768x768.jpg 768w\" \/><\/div><\/div><\/div>\t\t\t\t<\/div>\n\t\t\t\t<\/div>\n\t\t\t\t<\/div>\n\t\t<div data-particle_enable=\"false\" data-particle-mobile-disabled=\"false\" class=\"elementor-element elementor-element-72d0051 e-con-full e-flex e-con e-child\" data-id=\"72d0051\" data-element_type=\"container\" data-settings=\"{&quot;background_background&quot;:&quot;classic&quot;}\">\n\t\t\t\t<div class=\"elementor-element elementor-element-0d72324 elementor-widget-tablet__width-inherit elementor-widget elementor-widget-text-editor\" data-id=\"0d72324\" data-element_type=\"widget\" data-widget_type=\"text-editor.default\">\n\t\t\t\t\t\t\t\t\t<h3>Padel IN: o teu campo de jogo no Qatar<\/h3>\t\t\t\t\t\t\t\t<\/div>\n\t\t\t\t<div class=\"elementor-element elementor-element-ee6294a elementor-widget-tablet__width-inherit elementor-widget elementor-widget-text-editor\" data-id=\"ee6294a\" data-element_type=\"widget\" data-widget_type=\"text-editor.default\">\n\t\t\t\t\t\t\t\t\t<p>A poucos passos do <strong data-start=\"317\" data-end=\"344\">City Centre Rotana Doha<\/strong>, o <strong data-start=\"346\" data-end=\"372\">Padel IN \u2013 City Center<\/strong> \u00e9 o spot ideal para quem adora padel. Situado no <strong data-start=\"427\" data-end=\"460\">4.\u00ba piso do City Center Mall<\/strong>, este clube moderno junta conveni\u00eancia, instala\u00e7\u00f5es de alta qualidade e um ambiente vibrante. <\/p>\t\t\t\t\t\t\t\t<\/div>\n\t\t\t\t<div class=\"elementor-element elementor-element-d0be20e elementor-icon-list--layout-traditional elementor-list-item-link-full_width elementor-widget elementor-widget-icon-list\" data-id=\"d0be20e\" data-element_type=\"widget\" data-widget_type=\"icon-list.default\">\n\t\t\t\t\t\t\t<ul class=\"elementor-icon-list-items\">\n\t\t\t\t\t\t\t<li class=\"elementor-icon-list-item\">\n\t\t\t\t\t\t\t\t\t\t\t<span class=\"elementor-icon-list-icon\">\n\t\t\t\t\t\t\t<svg aria-hidden=\"true\" class=\"e-font-icon-svg e-fab-page4\" viewBox=\"0 0 496 512\" xmlns=\"http:\/\/www.w3.org\/2000\/svg\"><path d=\"M248 504C111 504 0 393 0 256S111 8 248 8c20.9 0 41.3 2.6 60.7 7.5L42.3 392H248v112zm0-143.6V146.8L98.6 360.4H248zm96 31.6v92.7c45.7-19.2 84.5-51.7 111.4-92.7H344zm57.4-138.2l-21.2 8.4 21.2 8.3v-16.7zm-20.3 54.5c-6.7 0-8 6.3-8 12.9v7.7h16.2v-10c0-5.9-2.3-10.6-8.2-10.6zM496 256c0 37.3-8.2 72.7-23 104.4H344V27.3C433.3 64.8 496 153.1 496 256zM360.4 143.6h68.2V96h-13.9v32.6h-13.9V99h-13.9v29.6h-12.7V96h-13.9v47.6zm68.1 185.3H402v-11c0-15.4-5.6-25.2-20.9-25.2-15.4 0-20.7 10.6-20.7 25.9v25.3h68.2v-15zm0-103l-68.2 29.7V268l68.2 29.5v-16.6l-14.4-5.7v-26.5l14.4-5.9v-16.9zm-4.8-68.5h-35.6V184H402v-12.2h11c8.6 15.8 1.3 35.3-18.6 35.3-22.5 0-28.3-25.3-15.5-37.7l-11.6-10.6c-16.2 17.5-12.2 63.9 27.1 63.9 34 0 44.7-35.9 29.3-65.3z\"><\/path><\/svg>\t\t\t\t\t\t<\/span>\n\t\t\t\t\t\t\t\t\t\t<span class=\"elementor-icon-list-text\">4 campos indoor com superf\u00edcies de qualidade profissional<\/span>\n\t\t\t\t\t\t\t\t\t<\/li>\n\t\t\t\t\t\t\t\t<li class=\"elementor-icon-list-item\">\n\t\t\t\t\t\t\t\t\t\t\t<span class=\"elementor-icon-list-icon\">\n\t\t\t\t\t\t\t<svg aria-hidden=\"true\" class=\"e-font-icon-svg e-far-eye\" viewBox=\"0 0 576 512\" xmlns=\"http:\/\/www.w3.org\/2000\/svg\"><path d=\"M288 144a110.94 110.94 0 0 0-31.24 5 55.4 55.4 0 0 1 7.24 27 56 56 0 0 1-56 56 55.4 55.4 0 0 1-27-7.24A111.71 111.71 0 1 0 288 144zm284.52 97.4C518.29 135.59 410.93 64 288 64S57.68 135.64 3.48 241.41a32.35 32.35 0 0 0 0 29.19C57.71 376.41 165.07 448 288 448s230.32-71.64 284.52-177.41a32.35 32.35 0 0 0 0-29.19zM288 400c-98.65 0-189.09-55-237.93-144C98.91 167 189.34 112 288 112s189.09 55 237.93 144C477.1 345 386.66 400 288 400z\"><\/path><\/svg>\t\t\t\t\t\t<\/span>\n\t\t\t\t\t\t\t\t\t\t<span class=\"elementor-icon-list-text\">Design moderno e \u00e1reas confort\u00e1veis para espectadores<\/span>\n\t\t\t\t\t\t\t\t\t<\/li>\n\t\t\t\t\t\t\t\t<li class=\"elementor-icon-list-item\">\n\t\t\t\t\t\t\t\t\t\t\t<span class=\"elementor-icon-list-icon\">\n\t\t\t\t\t\t\t<svg aria-hidden=\"true\" class=\"e-font-icon-svg e-fas-baseball-ball\" viewBox=\"0 0 496 512\" xmlns=\"http:\/\/www.w3.org\/2000\/svg\"><path d=\"M368.5 363.9l28.8-13.9c11.1 22.9 26 43.2 44.1 60.9 34-42.5 54.5-96.3 54.5-154.9 0-58.5-20.4-112.2-54.2-154.6-17.8 17.3-32.6 37.1-43.6 59.5l-28.7-14.1c12.8-26 30-49 50.8-69C375.6 34.7 315 8 248 8 181.1 8 120.5 34.6 75.9 77.7c20.7 19.9 37.9 42.9 50.7 68.8l-28.7 14.1c-11-22.3-25.7-42.1-43.5-59.4C20.4 143.7 0 197.4 0 256c0 58.6 20.4 112.3 54.4 154.7 18.2-17.7 33.2-38 44.3-61l28.8 13.9c-12.9 26.7-30.3 50.3-51.5 70.7 44.5 43.1 105.1 69.7 172 69.7 66.8 0 127.3-26.5 171.9-69.5-21.1-20.4-38.5-43.9-51.4-70.6zm-228.3-32l-30.5-9.8c14.9-46.4 12.7-93.8-.6-134l30.4-10c15 45.6 18 99.9.7 153.8zm216.3-153.4l30.4 10c-13.2 40.1-15.5 87.5-.6 134l-30.5 9.8c-17.3-54-14.3-108.3.7-153.8z\"><\/path><\/svg>\t\t\t\t\t\t<\/span>\n\t\t\t\t\t\t\t\t\t\t<span class=\"elementor-icon-list-text\">Aluguer de raquetes e bolas dispon\u00edvel no local<\/span>\n\t\t\t\t\t\t\t\t\t<\/li>\n\t\t\t\t\t\t\t\t<li class=\"elementor-icon-list-item\">\n\t\t\t\t\t\t\t\t\t\t\t<span class=\"elementor-icon-list-icon\">\n\t\t\t\t\t\t\t<svg aria-hidden=\"true\" class=\"e-font-icon-svg e-fas-user-lock\" viewBox=\"0 0 640 512\" xmlns=\"http:\/\/www.w3.org\/2000\/svg\"><path d=\"M224 256A128 128 0 1 0 96 128a128 128 0 0 0 128 128zm96 64a63.08 63.08 0 0 1 8.1-30.5c-4.8-.5-9.5-1.5-14.5-1.5h-16.7a174.08 174.08 0 0 1-145.8 0h-16.7A134.43 134.43 0 0 0 0 422.4V464a48 48 0 0 0 48 48h280.9a63.54 63.54 0 0 1-8.9-32zm288-32h-32v-80a80 80 0 0 0-160 0v80h-32a32 32 0 0 0-32 32v160a32 32 0 0 0 32 32h224a32 32 0 0 0 32-32V320a32 32 0 0 0-32-32zM496 432a32 32 0 1 1 32-32 32 32 0 0 1-32 32zm32-144h-64v-80a32 32 0 0 1 64 0z\"><\/path><\/svg>\t\t\t\t\t\t<\/span>\n\t\t\t\t\t\t\t\t\t\t<span class=\"elementor-icon-list-text\">Balne\u00e1rios e vesti\u00e1rios para tua comodidade<\/span>\n\t\t\t\t\t\t\t\t\t<\/li>\n\t\t\t\t\t\t<\/ul>\n\t\t\t\t\t\t<\/div>\n\t\t\t\t<div class=\"elementor-element elementor-element-7eeebdb elementor-widget-tablet__width-inherit elementor-widget elementor-widget-text-editor\" data-id=\"7eeebdb\" data-element_type=\"widget\" data-widget_type=\"text-editor.default\">\n\t\t\t\t\t\t\t\t\t<p>Mas n\u00e3o te esque\u00e7as da B\u00e9lgica! Os torneios v\u00e3o acontecer na B\u00e9lgica \u2014 n\u00e3o percas, porque podes ser tu a ganhar o grande pr\u00e9mio! <\/p>\t\t\t\t\t\t\t\t<\/div>\n\t\t\t\t<div class=\"elementor-element elementor-element-c577a24 elementor-widget elementor-widget-the7_button_widget\" data-id=\"c577a24\" data-element_type=\"widget\" data-widget_type=\"the7_button_widget.default\">\n\t\t\t\t<div class=\"elementor-widget-container\">\n\t\t\t\t\t<div class=\"elementor-button-wrapper\"><a href=\"https:\/\/www.qatarpadelxperience.com\/pt-pt\/torneios\/\" class=\"box-button elementor-button elementor-size-lg\">V\u00ea mais sobre os torneios na B\u00e9lgica<\/a><\/div>\t\t\t\t<\/div>\n\t\t\t\t<\/div>\n\t\t\t\t<\/div>\n\t\t\t\t\t<\/div>\n\t\t\t\t<\/div>\n\t\t\t\t<\/div>\n\t\t<div data-particle_enable=\"false\" data-particle-mobile-disabled=\"false\" class=\"elementor-element elementor-element-725fee4 e-con-full e-flex e-con e-parent\" data-id=\"725fee4\" data-element_type=\"container\">\n\t\t<div data-particle_enable=\"false\" data-particle-mobile-disabled=\"false\" class=\"elementor-element elementor-element-8fde761 e-flex e-con-boxed e-con e-child\" data-id=\"8fde761\" data-element_type=\"container\">\n\t\t\t\t\t<div class=\"e-con-inner\">\n\t\t<div data-particle_enable=\"false\" data-particle-mobile-disabled=\"false\" class=\"elementor-element elementor-element-cbd2488 e-con-full e-flex e-con e-child\" data-id=\"cbd2488\" data-element_type=\"container\" data-settings=\"{&quot;background_background&quot;:&quot;classic&quot;}\">\n\t\t<div data-particle_enable=\"false\" data-particle-mobile-disabled=\"false\" class=\"elementor-element elementor-element-318bfe3 e-con-full e-flex e-con e-child\" data-id=\"318bfe3\" data-element_type=\"container\">\n\t\t\t\t<div class=\"elementor-element elementor-element-83e9ec3 elementor-widget elementor-widget-video\" data-id=\"83e9ec3\" data-element_type=\"widget\" data-settings=\"{&quot;video_type&quot;:&quot;hosted&quot;,&quot;controls&quot;:&quot;yes&quot;}\" data-widget_type=\"video.default\">\n\t\t\t\t\t\t\t<div class=\"e-hosted-video elementor-wrapper elementor-open-inline\">\n\t\t\t\t\t<video class=\"elementor-video\" src=\"https:\/\/www.qatarpadelxperience.com\/wp-content\/uploads\/2025\/09\/PADEL-IN-QPX.mp4\" controls=\"\" preload=\"metadata\" controlsList=\"nodownload\"><\/video>\n\t\t\t\t<\/div>\n\t\t\t\t\t\t<\/div>\n\t\t\t\t<\/div>\n\t\t\t\t<div class=\"elementor-element elementor-element-a534f58 elementor-widget-tablet__width-inherit elementor-widget elementor-widget-text-editor\" data-id=\"a534f58\" data-element_type=\"widget\" data-widget_type=\"text-editor.default\">\n\t\t\t\t\t\t\t\t\t<p>Um desporto para todos<\/p>\t\t\t\t\t\t\t\t<\/div>\n\t\t\t\t<div class=\"elementor-element elementor-element-7579c03 elementor-widget-tablet__width-inherit elementor-widget elementor-widget-text-editor\" data-id=\"7579c03\" data-element_type=\"widget\" data-widget_type=\"text-editor.default\">\n\t\t\t\t\t\t\t\t\t<p>O padel \u00e9 um dos desportos que mais cresce no mundo, e o Qatar aderiu rapidamente. Sejas principiante e queiras experimentar algo novo, ou jogador experiente \u00e0 procura de um desafio divertido, o <strong data-start=\"1101\" data-end=\"1133\">Padel IN recebe todos os n\u00edveis<\/strong>. O clube tamb\u00e9m oferece sess\u00f5es de treino e oportunidades para participar em jogos amig\u00e1veis. No nosso pacote, est\u00e1 inclu\u00edda uma sess\u00e3o de cl\u00ednica de padel!   <\/p>\t\t\t\t\t\t\t\t<\/div>\n\t\t\t\t<div class=\"elementor-element elementor-element-167c3a4 content-align-left the7-hover-visibility-disabled transform-overlay-yes exceeding-frame-yes elementor-widget elementor-widget-the7-image-widget\" data-id=\"167c3a4\" data-element_type=\"widget\" data-settings=\"{&quot;hover_visibility&quot;:&quot;disabled&quot;}\" data-widget_type=\"the7-image-widget.default\">\n\t\t\t\t<div class=\"elementor-widget-container\">\n\t\t\t\t\t<div class=\"the7-image-container\"><div class=\"the7-image-wrapper the7-elementor-widget the7-transform-container\"><div class=\"post-thumbnail-rollover layzr-bg img-css-resize-wrapper\"><img decoding=\"async\" width=\"800\" height=\"1000\" src=\"data:image\/svg+xml,%3Csvg%20xmlns%3D&#039;http%3A%2F%2Fwww.w3.org%2F2000%2Fsvg&#039;%20viewBox%3D&#039;0%200%20800%201000&#039;%2F%3E\" class=\"attachment-full size-full preload-me aspect lazy lazy-load\" alt=\"\" sizes=\"(max-width: 800px) 100vw, 800px\" style=\"--ratio: 800 \/ 1000;\" data-src=\"https:\/\/www.qatarpadelxperience.com\/wp-content\/uploads\/2024\/09\/TABS-2.jpg\" loading=\"eager\" data-srcset=\"https:\/\/www.qatarpadelxperience.com\/wp-content\/uploads\/2024\/09\/TABS-2.jpg 800w, https:\/\/www.qatarpadelxperience.com\/wp-content\/uploads\/2024\/09\/TABS-2-240x300.jpg 240w, https:\/\/www.qatarpadelxperience.com\/wp-content\/uploads\/2024\/09\/TABS-2-768x960.jpg 768w\" \/><\/div><\/div><\/div>\t\t\t\t<\/div>\n\t\t\t\t<\/div>\n\t\t\t\t<\/div>\n\t\t\t\t\t<\/div>\n\t\t\t\t<\/div>\n\t\t\t\t<\/div>\n\t\t<div data-particle_enable=\"false\" data-particle-mobile-disabled=\"false\" class=\"elementor-element elementor-element-6fe9a83 e-con-full e-flex e-con e-parent\" data-id=\"6fe9a83\" data-element_type=\"container\">\n\t\t<div data-particle_enable=\"false\" data-particle-mobile-disabled=\"false\" class=\"elementor-element elementor-element-55403dc e-flex e-con-boxed e-con e-child\" data-id=\"55403dc\" data-element_type=\"container\">\n\t\t\t\t\t<div class=\"e-con-inner\">\n\t\t<div data-particle_enable=\"false\" data-particle-mobile-disabled=\"false\" class=\"elementor-element elementor-element-8be469f e-con-full e-flex e-con e-child\" data-id=\"8be469f\" data-element_type=\"container\" data-settings=\"{&quot;background_background&quot;:&quot;classic&quot;}\">\n\t\t\t\t<div class=\"elementor-element elementor-element-6ce5696 elementor-widget-tablet__width-inherit elementor-widget elementor-widget-text-editor\" data-id=\"6ce5696\" data-element_type=\"widget\" data-widget_type=\"text-editor.default\">\n\t\t\t\t\t\t\t\t\t<p>Acesso f\u00e1cil a partir do hotel<\/p>\t\t\t\t\t\t\t\t<\/div>\n\t\t\t\t<div class=\"elementor-element elementor-element-0cf321d elementor-widget-tablet__width-inherit elementor-widget elementor-widget-text-editor\" data-id=\"0cf321d\" data-element_type=\"widget\" data-widget_type=\"text-editor.default\">\n\t\t\t\t\t\t\t\t\t<p data-start=\"1259\" data-end=\"1400\">Uma das maiores vantagens? <strong data-start=\"1290\" data-end=\"1337\">O Padel IN fica dentro do City Center Mall<\/strong>, que est\u00e1 diretamente ligado ao <strong data-start=\"1370\" data-end=\"1397\">City Centre Rotana Doha<\/strong>.<\/p><ul data-start=\"1401\" data-end=\"1573\"><li data-start=\"1401\" data-end=\"1451\"><p data-start=\"1403\" data-end=\"1451\">Entra no centro comercial pela passagem interior do hotel<\/p><\/li><li data-start=\"1452\" data-end=\"1507\"><p data-start=\"1454\" data-end=\"1507\">Apanha o elevador ou as escadas rolantes at\u00e9 ao <strong data-start=\"1492\" data-end=\"1505\">4.\u00ba piso<\/strong><\/p><\/li><li data-start=\"1508\" data-end=\"1573\"><p data-start=\"1510\" data-end=\"1573\">Segue as indica\u00e7\u00f5es para o <strong data-start=\"1531\" data-end=\"1543\">Padel IN<\/strong> \u2014 e est\u00e1s pronto para jogar!<\/p><\/li><\/ul><p data-start=\"1575\" data-end=\"1643\">Sem transportes, sem perder tempo \u2014 s\u00f3 divers\u00e3o, mesmo ali ao lado.<\/p>\t\t\t\t\t\t\t\t<\/div>\n\t\t\t\t<div class=\"elementor-element elementor-element-9f68095 elementor-widget__width-initial elementor-widget elementor-widget-video\" data-id=\"9f68095\" data-element_type=\"widget\" data-settings=\"{&quot;video_type&quot;:&quot;hosted&quot;,&quot;controls&quot;:&quot;yes&quot;}\" data-widget_type=\"video.default\">\n\t\t\t\t\t\t\t<div class=\"e-hosted-video elementor-wrapper elementor-open-inline\">\n\t\t\t\t\t<video class=\"elementor-video\" src=\"https:\/\/www.qatarpadelxperience.com\/wp-content\/uploads\/2025\/09\/Padel-IN-location.mp4\" controls=\"\" preload=\"metadata\" controlsList=\"nodownload\"><\/video>\n\t\t\t\t<\/div>\n\t\t\t\t\t\t<\/div>\n\t\t\t\t<div class=\"elementor-element elementor-element-23bdcef elementor-widget-tablet__width-inherit elementor-widget elementor-widget-text-editor\" data-id=\"23bdcef\" data-element_type=\"widget\" data-widget_type=\"text-editor.default\">\n\t\t\t\t\t\t\t\t\t<h5 data-start=\"1259\" data-end=\"1400\">Tamb\u00e9m podes sair do hotel e ir a p\u00e9 at\u00e9 l\u00e1!<\/h5>\t\t\t\t\t\t\t\t<\/div>\n\t\t\t\t<div class=\"elementor-element elementor-element-ed4b9d7 content-align-left the7-hover-visibility-disabled transform-overlay-yes exceeding-frame-yes elementor-widget elementor-widget-the7-image-widget\" data-id=\"ed4b9d7\" data-element_type=\"widget\" data-settings=\"{&quot;hover_visibility&quot;:&quot;disabled&quot;}\" data-widget_type=\"the7-image-widget.default\">\n\t\t\t\t<div class=\"elementor-widget-container\">\n\t\t\t\t\t<div class=\"the7-image-container\"><div class=\"the7-image-wrapper the7-elementor-widget the7-transform-container\"><div class=\"post-thumbnail-rollover layzr-bg img-css-resize-wrapper\"><img decoding=\"async\" width=\"1451\" height=\"870\" src=\"data:image\/svg+xml,%3Csvg%20xmlns%3D&#039;http%3A%2F%2Fwww.w3.org%2F2000%2Fsvg&#039;%20viewBox%3D&#039;0%200%201451%20870&#039;%2F%3E\" class=\"attachment-full size-full preload-me aspect lazy lazy-load\" alt=\"\" sizes=\"(max-width: 1451px) 100vw, 1451px\" style=\"--ratio: 1451 \/ 870;\" data-src=\"https:\/\/www.qatarpadelxperience.com\/wp-content\/uploads\/2025\/09\/Screenshot_9.png\" loading=\"eager\" data-srcset=\"https:\/\/www.qatarpadelxperience.com\/wp-content\/uploads\/2025\/09\/Screenshot_9.png 1451w, https:\/\/www.qatarpadelxperience.com\/wp-content\/uploads\/2025\/09\/Screenshot_9-300x180.png 300w, https:\/\/www.qatarpadelxperience.com\/wp-content\/uploads\/2025\/09\/Screenshot_9-1024x614.png 1024w, https:\/\/www.qatarpadelxperience.com\/wp-content\/uploads\/2025\/09\/Screenshot_9-768x460.png 768w\" \/><\/div><\/div><\/div>\t\t\t\t<\/div>\n\t\t\t\t<\/div>\n\t\t\t\t<\/div>\n\t\t\t\t\t<\/div>\n\t\t\t\t<\/div>\n\t\t<div data-particle_enable=\"false\" data-particle-mobile-disabled=\"false\" class=\"elementor-element elementor-element-862746b e-flex e-con-boxed e-con e-child\" data-id=\"862746b\" data-element_type=\"container\">\n\t\t\t\t\t<div class=\"e-con-inner\">\n\t\t<div data-particle_enable=\"false\" data-particle-mobile-disabled=\"false\" class=\"elementor-element elementor-element-981a519 e-con-full e-flex e-con e-child\" data-id=\"981a519\" data-element_type=\"container\" data-settings=\"{&quot;background_background&quot;:&quot;classic&quot;}\">\n\t\t\t\t<div class=\"elementor-element elementor-element-a1082d7 elementor-widget-tablet__width-inherit elementor-widget elementor-widget-text-editor\" data-id=\"a1082d7\" data-element_type=\"widget\" data-widget_type=\"text-editor.default\">\n\t\t\t\t\t\t\t\t\t<p>Porque escolher o Padel IN durante a tua estadia?<\/p>\t\t\t\t\t\t\t\t<\/div>\n\t\t\t\t<div class=\"elementor-element elementor-element-4069daf elementor-widget-tablet__width-inherit elementor-widget elementor-widget-text-editor\" data-id=\"4069daf\" data-element_type=\"widget\" data-widget_type=\"text-editor.default\">\n\t\t\t\t\t\t\t\t\t<p data-start=\"1765\" data-end=\"2022\">\u2714\ufe0f <strong data-start=\"1697\" data-end=\"1717\">A uma curta dist\u00e2ncia a p\u00e9<\/strong> do teu hotel (sem carro nem t\u00e1xi)<br data-start=\"1759\" data-end=\"1762\">\u2714\ufe0f <strong data-start=\"1765\" data-end=\"1787\">Campos de topo<\/strong> num centro comercial moderno<br data-start=\"1889\" data-end=\"1892\">\u2714\ufe0f Forma perfeita de te manteres ativo enquanto viajas<br data-start=\"1937\" data-end=\"1940\">\u2714\ufe0f Uma \u00f3tima <strong data-start=\"1951\" data-end=\"1972\">experi\u00eancia social<\/strong> para grupos, amigos ou fam\u00edlias<\/p>\t\t\t\t\t\t\t\t<\/div>\n\t\t\t\t<\/div>\n\t\t\t\t\t<\/div>\n\t\t\t\t<\/div>\n\t\t<div data-particle_enable=\"false\" data-particle-mobile-disabled=\"false\" class=\"elementor-element elementor-element-9a17b99 e-flex e-con-boxed e-con e-child\" data-id=\"9a17b99\" data-element_type=\"container\">\n\t\t\t\t\t<div class=\"e-con-inner\">\n\t\t<div data-particle_enable=\"false\" data-particle-mobile-disabled=\"false\" class=\"elementor-element elementor-element-bd7672d e-con-full e-flex e-con e-child\" data-id=\"bd7672d\" data-element_type=\"container\" data-settings=\"{&quot;background_background&quot;:&quot;classic&quot;}\">\n\t\t\t\t<div class=\"elementor-element elementor-element-2b3d581 elementor-widget-tablet__width-inherit elementor-widget elementor-widget-text-editor\" data-id=\"2b3d581\" data-element_type=\"widget\" data-widget_type=\"text-editor.default\">\n\t\t\t\t\t\t\t\t\t<h1><strong>Queres saber mais sobre a viagem a Doha?<\/strong><\/h1>\t\t\t\t\t\t\t\t<\/div>\n\t\t\t\t<div class=\"elementor-element elementor-element-ca11744 elementor-align-center elementor-widget elementor-widget-the7_button_widget\" data-id=\"ca11744\" data-element_type=\"widget\" data-widget_type=\"the7_button_widget.default\">\n\t\t\t\t<div class=\"elementor-widget-container\">\n\t\t\t\t\t<div class=\"elementor-button-wrapper\"><a href=\"https:\/\/www.qatarpadelxperience.com\/pt-pt\/estadia-premium-em-doha\/\" class=\"box-button elementor-button elementor-size-xl\">ESTADIA PREMIUM EM DOHA<\/a><\/div>\t\t\t\t<\/div>\n\t\t\t\t<\/div>\n\t\t\t\t<\/div>\n\t\t\t\t\t<\/div>\n\t\t\t\t<\/div>\n\t\t\t\t<\/div>\n\t\t\t\t<\/div>\n\t\t","protected":false},"excerpt":{"rendered":"<p>Padel IN: o teu campo de jogo no Qatar A poucos passos do City Centre Rotana Doha, o Padel IN \u2013 City Center \u00e9 o spot ideal para quem adora padel. Situado no 4.\u00ba piso do City Center Mall, este clube moderno junta conveni\u00eancia, instala\u00e7\u00f5es de alta qualidade e um ambiente vibrante. 4 campos indoor&hellip;<\/p>\n","protected":false},"author":1,"featured_media":0,"parent":0,"menu_order":10,"comment_status":"closed","ping_status":"closed","template":"","meta":{"footnotes":""},"class_list":["post-41603","page","type-page","status-publish","hentry"],"_links":{"self":[{"href":"https:\/\/www.qatarpadelxperience.com\/pt-pt\/wp-json\/wp\/v2\/pages\/41603","targetHints":{"allow":["GET"]}}],"collection":[{"href":"https:\/\/www.qatarpadelxperience.com\/pt-pt\/wp-json\/wp\/v2\/pages"}],"about":[{"href":"https:\/\/www.qatarpadelxperience.com\/pt-pt\/wp-json\/wp\/v2\/types\/page"}],"author":[{"embeddable":true,"href":"https:\/\/www.qatarpadelxperience.com\/pt-pt\/wp-json\/wp\/v2\/users\/1"}],"replies":[{"embeddable":true,"href":"https:\/\/www.qatarpadelxperience.com\/pt-pt\/wp-json\/wp\/v2\/comments?post=41603"}],"version-history":[{"count":2,"href":"https:\/\/www.qatarpadelxperience.com\/pt-pt\/wp-json\/wp\/v2\/pages\/41603\/revisions"}],"predecessor-version":[{"id":42300,"href":"https:\/\/www.qatarpadelxperience.com\/pt-pt\/wp-json\/wp\/v2\/pages\/41603\/revisions\/42300"}],"wp:attachment":[{"href":"https:\/\/www.qatarpadelxperience.com\/pt-pt\/wp-json\/wp\/v2\/media?parent=41603"}],"curies":[{"name":"wp","href":"https:\/\/api.w.org\/{rel}","templated":true}]}}