{"id":41833,"date":"2025-09-08T12:43:21","date_gmt":"2025-09-08T12:43:21","guid":{"rendered":"https:\/\/www.qatarpadelxperience.com\/index.php\/spa-y-bienestar\/"},"modified":"2025-09-29T13:35:40","modified_gmt":"2025-09-29T13:35:40","slug":"spa-y-bienestar","status":"publish","type":"page","link":"https:\/\/www.qatarpadelxperience.com\/es\/spa-y-bienestar\/","title":{"rendered":"SPA Y BIENESTAR"},"content":{"rendered":"\t\t<div data-elementor-type=\"wp-page\" data-elementor-id=\"41833\" class=\"elementor elementor-41833 elementor-40914\" data-elementor-post-type=\"page\">\n\t\t\t\t<div data-particle_enable=\"false\" data-particle-mobile-disabled=\"false\" class=\"elementor-element elementor-element-967140b e-con-full e-flex e-con e-parent\" data-id=\"967140b\" data-element_type=\"container\">\n\t\t\t\t<\/div>\n\t\t<div data-particle_enable=\"false\" data-particle-mobile-disabled=\"false\" class=\"elementor-element elementor-element-725fee4 e-con-full e-flex e-con e-parent\" data-id=\"725fee4\" data-element_type=\"container\">\n\t\t<div data-particle_enable=\"false\" data-particle-mobile-disabled=\"false\" class=\"elementor-element elementor-element-8fde761 e-flex e-con-boxed e-con e-child\" data-id=\"8fde761\" data-element_type=\"container\">\n\t\t\t\t\t<div class=\"e-con-inner\">\n\t\t<div data-particle_enable=\"false\" data-particle-mobile-disabled=\"false\" class=\"elementor-element elementor-element-cbd2488 e-con-full e-flex e-con e-child\" data-id=\"cbd2488\" data-element_type=\"container\" data-settings=\"{&quot;background_background&quot;:&quot;classic&quot;}\">\n\t\t\t\t<div class=\"elementor-element elementor-element-a534f58 elementor-widget-tablet__width-inherit elementor-widget elementor-widget-text-editor\" data-id=\"a534f58\" data-element_type=\"widget\" data-widget_type=\"text-editor.default\">\n\t\t\t\t\t\t\t\t\t<p><strong>Spa y bienestar en Catar: rel\u00e1jate, recarga energ\u00edas, reconecta.  <\/strong><\/p>\t\t\t\t\t\t\t\t<\/div>\n\t\t\t\t<div class=\"elementor-element elementor-element-7579c03 elementor-widget-tablet__width-inherit elementor-widget elementor-widget-text-editor\" data-id=\"7579c03\" data-element_type=\"widget\" data-widget_type=\"text-editor.default\">\n\t\t\t\t\t\t\t\t\t<p>En el coraz\u00f3n del Golfo, <strong data-start=\"320\" data-end=\"409\">Catar es mucho m\u00e1s que lujo y aventura, tambi\u00e9n es un destino de descanso y renovaci\u00f3n<\/strong>. Tanto si buscas una relajaci\u00f3n profunda despu\u00e9s de un d\u00eda en el desierto como un retiro de bienestar completo, Catar ofrece experiencias de primera clase que combinan <strong data-start=\"552\" data-end=\"578\">innovaciones modernas de spa<\/strong> con <strong data-start=\"584\" data-end=\"612\">tradiciones centenarias<\/strong>. <\/p>\t\t\t\t\t\t\t\t<\/div>\n\t\t\t\t<div class=\"elementor-element elementor-element-bcdd22b content-align-left the7-hover-visibility-disabled transform-overlay-yes exceeding-frame-yes elementor-widget elementor-widget-the7-image-widget\" data-id=\"bcdd22b\" data-element_type=\"widget\" data-settings=\"{&quot;hover_visibility&quot;:&quot;disabled&quot;}\" data-widget_type=\"the7-image-widget.default\">\n\t\t\t\t<div class=\"elementor-widget-container\">\n\t\t\t\t\t<div class=\"the7-image-container\"><div class=\"the7-image-wrapper the7-elementor-widget the7-transform-container\"><div class=\"post-thumbnail-rollover layzr-bg img-css-resize-wrapper\"><img fetchpriority=\"high\" decoding=\"async\" width=\"1280\" height=\"853\" src=\"data:image\/svg+xml,%3Csvg%20xmlns%3D&#039;http%3A%2F%2Fwww.w3.org%2F2000%2Fsvg&#039;%20viewBox%3D&#039;0%200%201280%20853&#039;%2F%3E\" class=\"attachment-full size-full preload-me aspect lazy lazy-load\" alt=\"\" sizes=\"(max-width: 1280px) 100vw, 1280px\" style=\"--ratio: 1280 \/ 853;\" data-src=\"https:\/\/www.qatarpadelxperience.com\/wp-content\/uploads\/2025\/09\/cq5dam.web_.1280.1280-17.jpeg\" loading=\"eager\" data-srcset=\"https:\/\/www.qatarpadelxperience.com\/wp-content\/uploads\/2025\/09\/cq5dam.web_.1280.1280-17.jpeg 1280w, https:\/\/www.qatarpadelxperience.com\/wp-content\/uploads\/2025\/09\/cq5dam.web_.1280.1280-17-300x200.jpeg 300w, https:\/\/www.qatarpadelxperience.com\/wp-content\/uploads\/2025\/09\/cq5dam.web_.1280.1280-17-1024x682.jpeg 1024w, https:\/\/www.qatarpadelxperience.com\/wp-content\/uploads\/2025\/09\/cq5dam.web_.1280.1280-17-768x512.jpeg 768w, https:\/\/www.qatarpadelxperience.com\/wp-content\/uploads\/2025\/09\/cq5dam.web_.1280.1280-17-1000x666.jpeg 1000w\" \/><\/div><\/div><\/div>\t\t\t\t<\/div>\n\t\t\t\t<\/div>\n\t\t\t\t<\/div>\n\t\t\t\t\t<\/div>\n\t\t\t\t<\/div>\n\t\t\t\t<\/div>\n\t\t<div data-particle_enable=\"false\" data-particle-mobile-disabled=\"false\" class=\"elementor-element elementor-element-6fe9a83 e-con-full e-flex e-con e-parent\" data-id=\"6fe9a83\" data-element_type=\"container\">\n\t\t<div data-particle_enable=\"false\" data-particle-mobile-disabled=\"false\" class=\"elementor-element elementor-element-bdaa7ba e-flex e-con-boxed e-con e-child\" data-id=\"bdaa7ba\" data-element_type=\"container\">\n\t\t\t\t\t<div class=\"e-con-inner\">\n\t\t<div data-particle_enable=\"false\" data-particle-mobile-disabled=\"false\" class=\"elementor-element elementor-element-5cd6e51 e-con-full e-flex e-con e-child\" data-id=\"5cd6e51\" data-element_type=\"container\" data-settings=\"{&quot;background_background&quot;:&quot;classic&quot;}\">\n\t\t\t\t<div class=\"elementor-element elementor-element-530e84b content-align-left the7-hover-visibility-disabled transform-overlay-yes exceeding-frame-yes elementor-widget elementor-widget-the7-image-widget\" data-id=\"530e84b\" data-element_type=\"widget\" data-settings=\"{&quot;hover_visibility&quot;:&quot;disabled&quot;}\" data-widget_type=\"the7-image-widget.default\">\n\t\t\t\t<div class=\"elementor-widget-container\">\n\t\t\t\t\t<div class=\"the7-image-container\"><div class=\"the7-image-wrapper the7-elementor-widget the7-transform-container\"><div class=\"post-thumbnail-rollover layzr-bg img-css-resize-wrapper\"><img decoding=\"async\" width=\"1280\" height=\"854\" src=\"data:image\/svg+xml,%3Csvg%20xmlns%3D&#039;http%3A%2F%2Fwww.w3.org%2F2000%2Fsvg&#039;%20viewBox%3D&#039;0%200%201280%20854&#039;%2F%3E\" class=\"attachment-full size-full preload-me aspect lazy lazy-load\" alt=\"\" sizes=\"(max-width: 1280px) 100vw, 1280px\" style=\"--ratio: 1280 \/ 854;\" data-src=\"https:\/\/www.qatarpadelxperience.com\/wp-content\/uploads\/2025\/09\/cq5dam.web_.1280.1280-18.jpeg\" loading=\"eager\" data-srcset=\"https:\/\/www.qatarpadelxperience.com\/wp-content\/uploads\/2025\/09\/cq5dam.web_.1280.1280-18.jpeg 1280w, https:\/\/www.qatarpadelxperience.com\/wp-content\/uploads\/2025\/09\/cq5dam.web_.1280.1280-18-300x200.jpeg 300w, https:\/\/www.qatarpadelxperience.com\/wp-content\/uploads\/2025\/09\/cq5dam.web_.1280.1280-18-1024x683.jpeg 1024w, https:\/\/www.qatarpadelxperience.com\/wp-content\/uploads\/2025\/09\/cq5dam.web_.1280.1280-18-768x512.jpeg 768w, https:\/\/www.qatarpadelxperience.com\/wp-content\/uploads\/2025\/09\/cq5dam.web_.1280.1280-18-1000x667.jpeg 1000w\" \/><\/div><\/div><\/div>\t\t\t\t<\/div>\n\t\t\t\t<\/div>\n\t\t\t\t<\/div>\n\t\t\t\t\t<\/div>\n\t\t\t\t<\/div>\n\t\t<div data-particle_enable=\"false\" data-particle-mobile-disabled=\"false\" class=\"elementor-element elementor-element-55403dc e-flex e-con-boxed e-con e-child\" data-id=\"55403dc\" data-element_type=\"container\">\n\t\t\t\t\t<div class=\"e-con-inner\">\n\t\t<div data-particle_enable=\"false\" data-particle-mobile-disabled=\"false\" class=\"elementor-element elementor-element-8be469f e-con-full e-flex e-con e-child\" data-id=\"8be469f\" data-element_type=\"container\" data-settings=\"{&quot;background_background&quot;:&quot;classic&quot;}\">\n\t\t\t\t<div class=\"elementor-element elementor-element-6ce5696 elementor-widget-tablet__width-inherit elementor-widget elementor-widget-text-editor\" data-id=\"6ce5696\" data-element_type=\"widget\" data-widget_type=\"text-editor.default\">\n\t\t\t\t\t\t\t\t\t<p><strong>Hammam tradicionales y rituales \u00e1rabes<\/strong><\/p>\t\t\t\t\t\t\t\t<\/div>\n\t\t\t\t<div class=\"elementor-element elementor-element-0cf321d elementor-widget-tablet__width-inherit elementor-widget elementor-widget-text-editor\" data-id=\"0cf321d\" data-element_type=\"widget\" data-widget_type=\"text-editor.default\">\n\t\t\t\t\t\t\t\t\t<p data-start=\"1350\" data-end=\"1644\">Sum\u00e9rgete en <strong data-start=\"1384\" data-end=\"1419\">rituales de bienestar de Oriente Medio<\/strong> con siglos de antig\u00fcedad visitando un <strong data-start=\"1450\" data-end=\"1460\">hammam<\/strong> tradicional. Disfruta del vapor, la exfoliaci\u00f3n y el ba\u00f1o mientras experimentas la limpieza profunda y los efectos rejuvenecedores de esta pr\u00e1ctica ancestral, a menudo seguida de un masaje relajante con <strong data-start=\"1616\" data-end=\"1641\">aceite de oud o agua de rosas<\/strong>. <\/p><p data-start=\"1646\" data-end=\"1773\">Estos rituales no son solo tratamientos, son <strong data-start=\"1695\" data-end=\"1719\">experiencias culturales<\/strong>, arraigadas en la hospitalidad, la purificaci\u00f3n y el bienestar.<\/p>\t\t\t\t\t\t\t\t<\/div>\n\t\t\t\t<div class=\"elementor-element elementor-element-2999eec content-align-left the7-hover-visibility-disabled transform-overlay-yes exceeding-frame-yes elementor-widget elementor-widget-the7-image-widget\" data-id=\"2999eec\" data-element_type=\"widget\" data-settings=\"{&quot;hover_visibility&quot;:&quot;disabled&quot;}\" data-widget_type=\"the7-image-widget.default\">\n\t\t\t\t<div class=\"elementor-widget-container\">\n\t\t\t\t\t<div class=\"the7-image-container\"><div class=\"the7-image-wrapper the7-elementor-widget the7-transform-container\"><div class=\"post-thumbnail-rollover layzr-bg img-css-resize-wrapper\"><img decoding=\"async\" width=\"1920\" height=\"1080\" src=\"data:image\/svg+xml,%3Csvg%20xmlns%3D&#039;http%3A%2F%2Fwww.w3.org%2F2000%2Fsvg&#039;%20viewBox%3D&#039;0%200%201920%201080&#039;%2F%3E\" class=\"attachment-full size-full preload-me aspect lazy lazy-load\" alt=\"\" sizes=\"(max-width: 1920px) 100vw, 1920px\" style=\"--ratio: 1920 \/ 1080;\" data-src=\"https:\/\/www.qatarpadelxperience.com\/wp-content\/uploads\/2025\/09\/Fez-Traditional-Hammam-spa-.jpg\" loading=\"eager\" data-srcset=\"https:\/\/www.qatarpadelxperience.com\/wp-content\/uploads\/2025\/09\/Fez-Traditional-Hammam-spa-.jpg 1920w, https:\/\/www.qatarpadelxperience.com\/wp-content\/uploads\/2025\/09\/Fez-Traditional-Hammam-spa--300x169.jpg 300w, https:\/\/www.qatarpadelxperience.com\/wp-content\/uploads\/2025\/09\/Fez-Traditional-Hammam-spa--1024x576.jpg 1024w, https:\/\/www.qatarpadelxperience.com\/wp-content\/uploads\/2025\/09\/Fez-Traditional-Hammam-spa--768x432.jpg 768w, https:\/\/www.qatarpadelxperience.com\/wp-content\/uploads\/2025\/09\/Fez-Traditional-Hammam-spa--1536x864.jpg 1536w, https:\/\/www.qatarpadelxperience.com\/wp-content\/uploads\/2025\/09\/Fez-Traditional-Hammam-spa--1000x563.jpg 1000w\" \/><\/div><\/div><\/div>\t\t\t\t<\/div>\n\t\t\t\t<\/div>\n\t\t\t\t<\/div>\n\t\t\t\t\t<\/div>\n\t\t\t\t<\/div>\n\t\t<div data-particle_enable=\"false\" data-particle-mobile-disabled=\"false\" class=\"elementor-element elementor-element-ce625bd e-flex e-con-boxed e-con e-child\" data-id=\"ce625bd\" data-element_type=\"container\">\n\t\t\t\t\t<div class=\"e-con-inner\">\n\t\t<div data-particle_enable=\"false\" data-particle-mobile-disabled=\"false\" class=\"elementor-element elementor-element-f20113c e-con-full e-flex e-con e-child\" data-id=\"f20113c\" data-element_type=\"container\" data-settings=\"{&quot;background_background&quot;:&quot;classic&quot;}\">\n\t\t\t\t<div class=\"elementor-element elementor-element-39b5ebe content-align-left the7-hover-visibility-disabled transform-overlay-yes exceeding-frame-yes elementor-widget elementor-widget-the7-image-widget\" data-id=\"39b5ebe\" data-element_type=\"widget\" data-settings=\"{&quot;hover_visibility&quot;:&quot;disabled&quot;}\" data-widget_type=\"the7-image-widget.default\">\n\t\t\t\t<div class=\"elementor-widget-container\">\n\t\t\t\t\t<div class=\"the7-image-container\"><div class=\"the7-image-wrapper the7-elementor-widget the7-transform-container\"><div class=\"post-thumbnail-rollover layzr-bg img-css-resize-wrapper\"><img decoding=\"async\" width=\"1600\" height=\"900\" src=\"data:image\/svg+xml,%3Csvg%20xmlns%3D&#039;http%3A%2F%2Fwww.w3.org%2F2000%2Fsvg&#039;%20viewBox%3D&#039;0%200%201600%20900&#039;%2F%3E\" class=\"attachment-full size-full preload-me aspect lazy lazy-load\" alt=\"\" sizes=\"(max-width: 1600px) 100vw, 1600px\" style=\"--ratio: 1600 \/ 900;\" data-src=\"https:\/\/www.qatarpadelxperience.com\/wp-content\/uploads\/2025\/09\/CBL_315_aspect16x9.jpg\" loading=\"eager\" data-srcset=\"https:\/\/www.qatarpadelxperience.com\/wp-content\/uploads\/2025\/09\/CBL_315_aspect16x9.jpg 1600w, https:\/\/www.qatarpadelxperience.com\/wp-content\/uploads\/2025\/09\/CBL_315_aspect16x9-300x169.jpg 300w, https:\/\/www.qatarpadelxperience.com\/wp-content\/uploads\/2025\/09\/CBL_315_aspect16x9-1024x576.jpg 1024w, https:\/\/www.qatarpadelxperience.com\/wp-content\/uploads\/2025\/09\/CBL_315_aspect16x9-768x432.jpg 768w, https:\/\/www.qatarpadelxperience.com\/wp-content\/uploads\/2025\/09\/CBL_315_aspect16x9-1536x864.jpg 1536w, https:\/\/www.qatarpadelxperience.com\/wp-content\/uploads\/2025\/09\/CBL_315_aspect16x9-1000x563.jpg 1000w\" \/><\/div><\/div><\/div>\t\t\t\t<\/div>\n\t\t\t\t<\/div>\n\t\t\t\t<div class=\"elementor-element elementor-element-98b9526 elementor-widget-tablet__width-inherit elementor-widget elementor-widget-text-editor\" data-id=\"98b9526\" data-element_type=\"widget\" data-widget_type=\"text-editor.default\">\n\t\t\t\t\t\t\t\t\t<p data-start=\"1350\" data-end=\"1644\">Para un restablecimiento m\u00e1s profundo de la mente y el cuerpo, Catar tambi\u00e9n ofrece <strong data-start=\"1862\" data-end=\"1883\">retiros de bienestar<\/strong> que incluyen sesiones de yoga, ejercicios de respiraci\u00f3n, orientaci\u00f3n nutricional y terapias curativas. Ya sea en un resort costero o en un centro de bienestar urbano, encontrar\u00e1s un espacio para reducir la velocidad, reconectar y restaurar tu energ\u00eda. <\/p>\t\t\t\t\t\t\t\t<\/div>\n\t\t\t\t<\/div>\n\t\t\t\t\t<\/div>\n\t\t\t\t<\/div>\n\t\t<div data-particle_enable=\"false\" data-particle-mobile-disabled=\"false\" class=\"elementor-element elementor-element-6c35796 e-flex e-con-boxed e-con e-child\" data-id=\"6c35796\" data-element_type=\"container\">\n\t\t\t\t\t<div class=\"e-con-inner\">\n\t\t<div data-particle_enable=\"false\" data-particle-mobile-disabled=\"false\" class=\"elementor-element elementor-element-a144843 e-con-full e-flex e-con e-child\" data-id=\"a144843\" data-element_type=\"container\" data-settings=\"{&quot;background_background&quot;:&quot;classic&quot;}\">\n\t\t\t\t<\/div>\n\t\t\t\t\t<\/div>\n\t\t\t\t<\/div>\n\t\t\t\t<\/div>\n\t\t\t\t<\/div>\n\t\t","protected":false},"excerpt":{"rendered":"<p>Spa y bienestar en Catar: rel\u00e1jate, recarga energ\u00edas, reconecta. En el coraz\u00f3n del Golfo, Catar es mucho m\u00e1s que lujo y aventura, tambi\u00e9n es un destino de descanso y renovaci\u00f3n. Tanto si buscas una relajaci\u00f3n profunda despu\u00e9s de un d\u00eda en el desierto como un retiro de bienestar completo, Catar ofrece experiencias de primera clase&hellip;<\/p>\n","protected":false},"author":1,"featured_media":0,"parent":0,"menu_order":10,"comment_status":"closed","ping_status":"closed","template":"","meta":{"footnotes":""},"class_list":["post-41833","page","type-page","status-publish","hentry"],"_links":{"self":[{"href":"https:\/\/www.qatarpadelxperience.com\/es\/wp-json\/wp\/v2\/pages\/41833","targetHints":{"allow":["GET"]}}],"collection":[{"href":"https:\/\/www.qatarpadelxperience.com\/es\/wp-json\/wp\/v2\/pages"}],"about":[{"href":"https:\/\/www.qatarpadelxperience.com\/es\/wp-json\/wp\/v2\/types\/page"}],"author":[{"embeddable":true,"href":"https:\/\/www.qatarpadelxperience.com\/es\/wp-json\/wp\/v2\/users\/1"}],"replies":[{"embeddable":true,"href":"https:\/\/www.qatarpadelxperience.com\/es\/wp-json\/wp\/v2\/comments?post=41833"}],"version-history":[{"count":1,"href":"https:\/\/www.qatarpadelxperience.com\/es\/wp-json\/wp\/v2\/pages\/41833\/revisions"}],"predecessor-version":[{"id":41838,"href":"https:\/\/www.qatarpadelxperience.com\/es\/wp-json\/wp\/v2\/pages\/41833\/revisions\/41838"}],"wp:attachment":[{"href":"https:\/\/www.qatarpadelxperience.com\/es\/wp-json\/wp\/v2\/media?parent=41833"}],"curies":[{"name":"wp","href":"https:\/\/api.w.org\/{rel}","templated":true}]}}