{"id":41789,"date":"2025-09-05T08:16:31","date_gmt":"2025-09-05T08:16:31","guid":{"rendered":"https:\/\/www.qatarpadelxperience.com\/index.php\/torneos\/"},"modified":"2025-11-07T21:22:28","modified_gmt":"2025-11-07T21:22:28","slug":"torneos","status":"publish","type":"page","link":"https:\/\/www.qatarpadelxperience.com\/es\/torneos\/","title":{"rendered":"TORNEOS"},"content":{"rendered":"\t\t<div data-elementor-type=\"wp-page\" data-elementor-id=\"41789\" class=\"elementor elementor-41789 elementor-40751\" data-elementor-post-type=\"page\">\n\t\t\t\t<div data-particle_enable=\"false\" data-particle-mobile-disabled=\"false\" class=\"elementor-element elementor-element-18f339c e-con-full e-flex e-con e-parent\" data-id=\"18f339c\" data-element_type=\"container\">\n\t\t<div data-particle_enable=\"false\" data-particle-mobile-disabled=\"false\" class=\"elementor-element elementor-element-147c07f e-flex e-con-boxed e-con e-child\" data-id=\"147c07f\" data-element_type=\"container\">\n\t\t\t\t\t<div class=\"e-con-inner\">\n\t\t<div data-particle_enable=\"false\" data-particle-mobile-disabled=\"false\" class=\"elementor-element elementor-element-18715e2 e-flex e-con-boxed e-con e-child\" data-id=\"18715e2\" data-element_type=\"container\">\n\t\t\t\t\t<div class=\"e-con-inner\">\n\t\t\t\t<div class=\"elementor-element elementor-element-c2a27fa elementor-widget-tablet__width-inherit elementor-widget elementor-widget-text-editor\" data-id=\"c2a27fa\" data-element_type=\"widget\" data-widget_type=\"text-editor.default\">\n\t\t\t\t\t\t\t\t\t<p>Sorteo del gran premio<\/p>\t\t\t\t\t\t\t\t<\/div>\n\t\t\t\t<div class=\"elementor-element elementor-element-fb997cf elementor-widget-tablet__width-inherit elementor-widget__width-initial elementor-widget elementor-widget-text-editor\" data-id=\"fb997cf\" data-element_type=\"widget\" data-widget_type=\"text-editor.default\">\n\t\t\t\t\t\t\t\t\t<p>As\u00ed es como se seleccionar\u00e1 al afortunado d\u00fao<\/p>\t\t\t\t\t\t\t\t<\/div>\n\t\t\t\t\t<\/div>\n\t\t\t\t<\/div>\n\t\t\t\t<div class=\"elementor-element elementor-element-ac5e3ed elementor-widget elementor-widget-text-editor\" data-id=\"ac5e3ed\" data-element_type=\"widget\" data-widget_type=\"text-editor.default\">\n\t\t\t\t\t\t\t\t\t<p data-start=\"239\" data-end=\"519\">Antes de volar a Doha, la aventura comienza <strong data-start=\"283\" data-end=\"308\">aqu\u00ed mismo, en B\u00e9lgica<\/strong>.<\/p><p data-start=\"239\" data-end=\"519\">\u00danete a nuestros <strong data-start=\"330\" data-end=\"356\">torneos de clasificaci\u00f3n<\/strong> oficiales, organizados en colaboraci\u00f3n con <strong data-start=\"390\" data-end=\"405\">AFP B\u00e9lgica<\/strong>, y tendr\u00e1s la oportunidad de ganar una estancia premium inolvidable en Qatar para la edici\u00f3n de 2026 de <strong data-start=\"494\" data-end=\"516\">Premier Padel Doha<\/strong>. \u00a1Haz clic <a href=\"https:\/\/www.qatarpadelxperience.com\/es\/agenda-2025\/\"><strong>AQU\u00cd<\/strong><\/a> para ver la agenda! <\/p><p data-start=\"521\" data-end=\"669\">Ya juegues por ganar, por la experiencia o por los premios exclusivos, cada partido te acerca a un viaje de p\u00e1del \u00fanico en la vida.<\/p>\t\t\t\t\t\t\t\t<\/div>\n\t\t\t\t<div class=\"elementor-element elementor-element-9b19438 the7-e-tabs-view-vertical elementor-widget elementor-widget-the7-tabs\" data-id=\"9b19438\" data-element_type=\"widget\" data-settings=\"{&quot;accordion_breakpoint&quot;:&quot;mobile_extra&quot;}\" data-widget_type=\"the7-tabs.default\">\n\t\t\t\t<div class=\"elementor-widget-container\">\n\t\t\t\t\t\t<div class=\"the7-e-tabs-wrapper\">\n\t\t<div class=\"the7-e-tabs-nav-wrapper\">\n\t\t\t<div class=\"the7-e-tabs-nav-scroll-wrapper\">\n\t\t\t\t<div class=\"the7-e-tabs-nav\" role=\"tablist\">\n\t\t\t\t\t\t\t\t\t\t<span class=\"item-divider\" aria-hidden=\"true\"><\/span>\n\t\t\t\t\t\t\t\t\t\t\t\t<div id=\"the7-e-tab-title-1621\" class=\"the7-e-tab-title\" aria-selected=\"true\" data-tab=\"1\" role=\"tab\" tabindex=\"0\" aria-controls=\"the7-e-tab-content-1621\" aria-expanded=\"false\">\n\t\t\t\t\t\t\t\t\t\t\t\t\t\t<h5 class=\"the7-e-tab-title-text\">\n\t\t\t\t\t\t\t1. Torneos de clasificaci\u00f3n en B\u00e9lgica\t\t\t\t\t\t\t<\/h5>\n\t\t\t\t\t\t<\/div>\n\t\t\t\t\t\t<span class=\"item-divider\" aria-hidden=\"true\"><\/span>\n\t\t\t\t\t\t\t\t\t\t\t<div id=\"the7-e-tab-title-1622\" class=\"the7-e-tab-title\" aria-selected=\"false\" data-tab=\"2\" role=\"tab\" tabindex=\"-1\" aria-controls=\"the7-e-tab-content-1622\" aria-expanded=\"false\">\n\t\t\t\t\t\t\t\t\t\t\t\t\t\t<h5 class=\"the7-e-tab-title-text\">\n\t\t\t\t\t\t\t2. El sorteo del gran premio\t\t\t\t\t\t\t<\/h5>\n\t\t\t\t\t\t<\/div>\n\t\t\t\t\t\t<span class=\"item-divider\" aria-hidden=\"true\"><\/span>\n\t\t\t\t\t\t\t\t\t\t\t<div id=\"the7-e-tab-title-1623\" class=\"the7-e-tab-title\" aria-selected=\"false\" data-tab=\"3\" role=\"tab\" tabindex=\"-1\" aria-controls=\"the7-e-tab-content-1623\" aria-expanded=\"false\">\n\t\t\t\t\t\t\t\t\t\t\t\t\t\t<h5 class=\"the7-e-tab-title-text\">\n\t\t\t\t\t\t\t3. Premios exclusivos para los dem\u00e1s finalistas\t\t\t\t\t\t\t<\/h5>\n\t\t\t\t\t\t<\/div>\n\t\t\t\t\t\t<span class=\"item-divider\" aria-hidden=\"true\"><\/span>\n\t\t\t\t\t\t\t\t\t<\/div>\n\t\t\t<\/div>\n\t\t\t<div class=\"the7-e-tab-nav-button left-button\" role=\"button\" tabindex=\"0\" aria-label=\"Prev tab\"><\/div>\n\t\t\t<div class=\"the7-e-tab-nav-button right-button\" role=\"button\" tabindex=\"0\" aria-label=\"Next tab\"><\/div>\n\t\t<\/div>\n\t\t<div class=\"the7-e-tabs-content\" aria-orientation=\"vertical\">\n\t\t\t<span class=\"item-divider\" aria-hidden=\"true\"><\/span>\n\t\t\t\t\t\t\t<div class=\"the7-e-tab-item-wrapper\" data-tab=\"1\">\n\t\t\t\t\t<div class=\"the7-e-tab-title\" aria-selected=\"true\" data-tab=\"1\" role=\"tab\" tabindex=\"0\" aria-controls=\"elementor-tab-content-1621\" aria-expanded=\"false\">\n\t\t\t\t\t\t\t\t\t\t\t\t<h5 class=\"the7-e-tab-title-text\">\n\t\t\t\t\t\t\t1. Torneos de clasificaci\u00f3n en B\u00e9lgica\t\t\t\t\t\t<\/h5>\n\t\t\t\t\t<\/div>\n\t\t\t\t\t<div id=\"the7-e-tab-content-1621\" class=\"the7-e-tab-content\" data-tab=\"1\" role=\"tabpanel\" aria-labelledby=\"the7-e-tab-title-1621\" tabindex=\"0\" hidden=\"false\"><\/div>\n\t\t\t\t<\/div>\n\t\t\t\t<span class=\"item-divider\" aria-hidden=\"true\"><\/span>\n\t\t\t\t\t\t\t<div class=\"the7-e-tab-item-wrapper\" data-tab=\"2\">\n\t\t\t\t\t<div class=\"the7-e-tab-title\" aria-selected=\"false\" data-tab=\"2\" role=\"tab\" tabindex=\"-1\" aria-controls=\"elementor-tab-content-1622\" aria-expanded=\"false\">\n\t\t\t\t\t\t\t\t\t\t\t\t<h5 class=\"the7-e-tab-title-text\">\n\t\t\t\t\t\t\t2. El sorteo del gran premio\t\t\t\t\t\t<\/h5>\n\t\t\t\t\t<\/div>\n\t\t\t\t\t<div id=\"the7-e-tab-content-1622\" class=\"the7-e-tab-content\" data-tab=\"2\" role=\"tabpanel\" aria-labelledby=\"the7-e-tab-title-1622\" tabindex=\"0\" hidden=\"hidden\"><\/div>\n\t\t\t\t<\/div>\n\t\t\t\t<span class=\"item-divider\" aria-hidden=\"true\"><\/span>\n\t\t\t\t\t\t\t<div class=\"the7-e-tab-item-wrapper\" data-tab=\"3\">\n\t\t\t\t\t<div class=\"the7-e-tab-title\" aria-selected=\"false\" data-tab=\"3\" role=\"tab\" tabindex=\"-1\" aria-controls=\"elementor-tab-content-1623\" aria-expanded=\"false\">\n\t\t\t\t\t\t\t\t\t\t\t\t<h5 class=\"the7-e-tab-title-text\">\n\t\t\t\t\t\t\t3. Premios exclusivos para los dem\u00e1s finalistas\t\t\t\t\t\t<\/h5>\n\t\t\t\t\t<\/div>\n\t\t\t\t\t<div id=\"the7-e-tab-content-1623\" class=\"the7-e-tab-content\" data-tab=\"3\" role=\"tabpanel\" aria-labelledby=\"the7-e-tab-title-1623\" tabindex=\"0\" hidden=\"hidden\"><\/div>\n\t\t\t\t<\/div>\n\t\t\t\t<span class=\"item-divider\" aria-hidden=\"true\"><\/span>\n\t\t\t\t\t<\/div>\n\t<\/div>\n\t\t\t\t\t\t<\/div>\n\t\t\t\t<\/div>\n\t\t\t\t\t<\/div>\n\t\t\t\t<\/div>\n\t\t\t\t<\/div>\n\t\t\t\t<\/div>\n\t\t","protected":false},"excerpt":{"rendered":"<p>Sorteo del gran premio As\u00ed es como se seleccionar\u00e1 al afortunado d\u00fao Antes de volar a Doha, la aventura comienza aqu\u00ed mismo, en B\u00e9lgica. \u00danete a nuestros torneos de clasificaci\u00f3n oficiales, organizados en colaboraci\u00f3n con AFP B\u00e9lgica, y tendr\u00e1s la oportunidad de ganar una estancia premium inolvidable en Qatar para la edici\u00f3n de 2026 de&hellip;<\/p>\n","protected":false},"author":1,"featured_media":0,"parent":0,"menu_order":10,"comment_status":"closed","ping_status":"closed","template":"","meta":{"footnotes":""},"class_list":["post-41789","page","type-page","status-publish","hentry"],"_links":{"self":[{"href":"https:\/\/www.qatarpadelxperience.com\/es\/wp-json\/wp\/v2\/pages\/41789","targetHints":{"allow":["GET"]}}],"collection":[{"href":"https:\/\/www.qatarpadelxperience.com\/es\/wp-json\/wp\/v2\/pages"}],"about":[{"href":"https:\/\/www.qatarpadelxperience.com\/es\/wp-json\/wp\/v2\/types\/page"}],"author":[{"embeddable":true,"href":"https:\/\/www.qatarpadelxperience.com\/es\/wp-json\/wp\/v2\/users\/1"}],"replies":[{"embeddable":true,"href":"https:\/\/www.qatarpadelxperience.com\/es\/wp-json\/wp\/v2\/comments?post=41789"}],"version-history":[{"count":3,"href":"https:\/\/www.qatarpadelxperience.com\/es\/wp-json\/wp\/v2\/pages\/41789\/revisions"}],"predecessor-version":[{"id":42662,"href":"https:\/\/www.qatarpadelxperience.com\/es\/wp-json\/wp\/v2\/pages\/41789\/revisions\/42662"}],"wp:attachment":[{"href":"https:\/\/www.qatarpadelxperience.com\/es\/wp-json\/wp\/v2\/media?parent=41789"}],"curies":[{"name":"wp","href":"https:\/\/api.w.org\/{rel}","templated":true}]}}